{"id":1530,"date":"2020-10-22T21:26:45","date_gmt":"2020-10-22T21:26:45","guid":{"rendered":"https:\/\/opj.ces.uc.pt\/?page_id=1530"},"modified":"2020-10-28T10:13:27","modified_gmt":"2020-10-28T10:13:27","slug":"legislacao-relevante","status":"publish","type":"page","link":"https:\/\/opj.ces.uc.pt\/en\/legislacao-relevante\/","title":{"rendered":"Legisla\u00e7\u00e3o relevante no dom\u00ednio da preven\u00e7\u00e3o e combate \u00e0 corrup\u00e7\u00e3o, branqueamento de capitais e crime organizado."},"content":{"rendered":"<div id=\"fws_69dfb9b6b4b41\"  data-midnight=\"dark\" data-top-percent=\"3%\" data-bottom-percent=\"7%\"  data-bg-mobile-hidden=\"\" class=\"wpb_row vc_row-fluid vc_row top-level full-width-section standard_section\"  style=\"padding-top: calc(100vw * 0.03); padding-bottom: calc(100vw * 0.07); \"><div class=\"row-bg-wrap\" data-bg-animation=\"none\"><div class=\"inner-wrap\"><div class=\"row-bg\"  style=\"\"><\/div><\/div><div class=\"row-bg-overlay\" ><\/div><\/div><div class=\"col span_12 dark left\">\n\t<div  class=\"vc_col-sm-12 wpb_column column_container vc_column_container col no-extra-padding\"  data-t-w-inherits=\"default\" data-border-radius=\"none\" data-shadow=\"none\" data-border-animation=\"\" data-border-animation-delay=\"\" data-border-width=\"none\" data-border-style=\"solid\" data-border-color=\"\" data-bg-cover=\"\" data-padding-pos=\"all\" data-has-bg-color=\"false\" data-bg-color=\"\" data-bg-opacity=\"1\" data-hover-bg=\"\" data-hover-bg-opacity=\"1\" data-animation=\"\" data-delay=\"0\"><div class=\"column-bg-overlay\"><\/div>\n\t\t<div class=\"vc_column-inner\">\n\t\t\t<div class=\"wpb_wrapper\">\n\t\t\t\t\r\n\t<div class=\"wpb_text_column wpb_content_element  vc_custom_1603880006626\" >\r\n\t\t<div class=\"wpb_wrapper\">\r\n\t\t\t<h5 style=\"text-align: left;\"><span style=\"color: #ffffff;\">LEGISLA\u00c7\u00c3O RELEVANTE NO DOM\u00cdNIO DA PREVEN\u00c7\u00c3O E COMBATE \u00c0 CORRUP\u00c7\u00c3O, BRANQUEAMENTO DE CAPITAIS E CRIME ORGANIZADO.<\/span><\/h5>\n\r\n\t\t<\/div>\r\n\t<\/div>\r\n<div class=\"divider-wrap\" data-alignment=\"default\"><div style=\"height: 30px;\" class=\"divider\"><\/div><\/div>\n\t<div class=\"wpb_content_element\" data-interval=\"0\">\n\t\t<div class=\"wpb_wrapper tabbed clearfix\" data-style=\"minimal\" data-spacing=\"default\" data-icon-size=\"24\" data-full-width-line=\"\" data-color-scheme=\"accent-color\" data-alignment=\"center\">\n\t\t\t<ul class=\"wpb_tabs_nav ui-tabs-nav clearfix\"><li><a href=\"#tab-1603879864602-8\"><span>Angola<\/span><\/a><\/li><li><a href=\"#tab-1603879864648-10\"><span>Cabo Verde<\/span><\/a><\/li><li><a href=\"#tab-1603879864686-4\"><span>Guin\u00e9-Bissau<\/span><\/a><\/li><li><a href=\"#tab-1603879864718-10\"><span>Mozambique<\/span><\/a><\/li><li><a href=\"#tab-1603879864745-7\"><span>S\u00e3o Tom\u00e9 e Pr\u00edncipe<\/span><\/a><\/li><li><a href=\"#tab-1603879864785-9\"><span>Timor-Leste<\/span><\/a><\/li><\/ul>\n\n\t\t\t\n\t\t\t<div id=\"tab-angola\" data-tab-icon=\"\" class=\"wpb_tab ui-tabs-panel wpb_ui-tabs-hide clearfix\">\n\t\t\t\t\r\n\t<div class=\"wpb_text_column wpb_content_element\" >\r\n\t\t<div class=\"wpb_wrapper\">\r\n\t\t\t<p><a href=\"https:\/\/opj.ces.uc.pt\/wp-content\/uploads\/2020\/10\/Legislac\u0327a\u0303o-Angola.pdf\">Legisla\u00e7\u00e3o Angola (PDF)<\/a><\/p>\n\r\n\t\t<\/div>\r\n\t<\/div>\r\n\n\t\t\t<\/div> \n\t\t\t<div id=\"tab-cabo-verde\" data-tab-icon=\"\" class=\"wpb_tab ui-tabs-panel wpb_ui-tabs-hide clearfix\">\n\t\t\t\t\r\n\t<div class=\"wpb_text_column wpb_content_element\" >\r\n\t\t<div class=\"wpb_wrapper\">\r\n\t\t\t<p><a href=\"https:\/\/opj.ces.uc.pt\/wp-content\/uploads\/2020\/10\/Legislac\u0327a\u0303o-Cabo-Verde.pdf\">Legisla\u00e7\u00e3o Cabo Verde (PDF)<\/a><\/p>\n\r\n\t\t<\/div>\r\n\t<\/div>\r\n\n\t\t\t<\/div> \n\t\t\t<div id=\"tab-guine-bissau\" data-tab-icon=\"\" class=\"wpb_tab ui-tabs-panel wpb_ui-tabs-hide clearfix\">\n\t\t\t\t\r\n\t<div class=\"wpb_text_column wpb_content_element\" >\r\n\t\t<div class=\"wpb_wrapper\">\r\n\t\t\t<p><a href=\"https:\/\/opj.ces.uc.pt\/wp-content\/uploads\/2020\/10\/Legislac\u0327a\u0303o-Guine\u0301-Bissau.pdf\">Legisla\u00e7\u00e3o Guin\u00e9-Bissau (PDF)<\/a><\/p>\n\r\n\t\t<\/div>\r\n\t<\/div>\r\n\n\t\t\t<\/div> \n\t\t\t<div id=\"tab-mocambique\" data-tab-icon=\"\" class=\"wpb_tab ui-tabs-panel wpb_ui-tabs-hide clearfix\">\n\t\t\t\t\r\n\t<div class=\"wpb_text_column wpb_content_element\" >\r\n\t\t<div class=\"wpb_wrapper\">\r\n\t\t\t<p><a href=\"https:\/\/opj.ces.uc.pt\/wp-content\/uploads\/2020\/10\/Legislac\u0327a\u0303o-Moc\u0327ambique.pdf\">Legisla\u00e7\u00e3o Mo\u00e7ambique (PDF)<\/a><\/p>\n\r\n\t\t<\/div>\r\n\t<\/div>\r\n\n\t\t\t<\/div> \n\t\t\t<div id=\"tab-sao-tome-e-principe\" data-tab-icon=\"\" class=\"wpb_tab ui-tabs-panel wpb_ui-tabs-hide clearfix\">\n\t\t\t\t\r\n\t<div class=\"wpb_text_column wpb_content_element\" >\r\n\t\t<div class=\"wpb_wrapper\">\r\n\t\t\t<p><a href=\"https:\/\/opj.ces.uc.pt\/wp-content\/uploads\/2020\/10\/Legislac\u0327a\u0303o-Sa\u0303o-Tome\u0301-e-Princi\u0301pe.pdf\">Legisla\u00e7\u00e3o S\u00e3o Tom\u00e9 e Pr\u00edncipe (PDF)<\/a><\/p>\n\r\n\t\t<\/div>\r\n\t<\/div>\r\n\n\t\t\t<\/div> \n\t\t\t<div id=\"tab-timor-leste\" data-tab-icon=\"\" class=\"wpb_tab ui-tabs-panel wpb_ui-tabs-hide clearfix\">\n\t\t\t\t\r\n\t<div class=\"wpb_text_column wpb_content_element\" >\r\n\t\t<div class=\"wpb_wrapper\">\r\n\t\t\t<p><a href=\"https:\/\/opj.ces.uc.pt\/wp-content\/uploads\/2020\/10\/Legislac\u0327a\u0303o-Timor-Leste.pdf\">Legisla\u00e7\u00e3o Timor-Leste (PDF)<\/a><\/p>\n\r\n\t\t<\/div>\r\n\t<\/div>\r\n\n\t\t\t<\/div> \n\t\t<\/div> \n\t<\/div> \n\t\t\t<\/div> \n\t\t<\/div>\n\t<\/div> \n<\/div><\/div>","protected":false},"excerpt":{"rendered":"LEGISLA\u00c7\u00c3O RELEVANTE NO DOM\u00cdNIO DA PREVEN\u00c7\u00c3O E COMBATE \u00c0 CORRUP\u00c7\u00c3O, BRANQUEAMENTO DE CAPITAIS E CRIME ORGANIZADO. AngolaCabo VerdeGuin\u00e9-BissauMo\u00e7ambiqueS\u00e3o Tom\u00e9 e Pr\u00edncipeTimor-Leste Legisla\u00e7\u00e3o Angola (PDF) Legisla\u00e7\u00e3o Cabo Verde (PDF) Legisla\u00e7\u00e3o Guin\u00e9-Bissau...","protected":false},"author":1,"featured_media":0,"parent":0,"menu_order":0,"comment_status":"closed","ping_status":"closed","template":"","meta":{"footnotes":""},"class_list":["post-1530","page","type-page","status-publish"],"_links":{"self":[{"href":"https:\/\/opj.ces.uc.pt\/en\/wp-json\/wp\/v2\/pages\/1530","targetHints":{"allow":["GET"]}}],"collection":[{"href":"https:\/\/opj.ces.uc.pt\/en\/wp-json\/wp\/v2\/pages"}],"about":[{"href":"https:\/\/opj.ces.uc.pt\/en\/wp-json\/wp\/v2\/types\/page"}],"author":[{"embeddable":true,"href":"https:\/\/opj.ces.uc.pt\/en\/wp-json\/wp\/v2\/users\/1"}],"replies":[{"embeddable":true,"href":"https:\/\/opj.ces.uc.pt\/en\/wp-json\/wp\/v2\/comments?post=1530"}],"version-history":[{"count":16,"href":"https:\/\/opj.ces.uc.pt\/en\/wp-json\/wp\/v2\/pages\/1530\/revisions"}],"predecessor-version":[{"id":1951,"href":"https:\/\/opj.ces.uc.pt\/en\/wp-json\/wp\/v2\/pages\/1530\/revisions\/1951"}],"wp:attachment":[{"href":"https:\/\/opj.ces.uc.pt\/en\/wp-json\/wp\/v2\/media?parent=1530"}],"curies":[{"name":"wp","href":"https:\/\/api.w.org\/{rel}","templated":true}]}}