{"id":163,"date":"2020-01-29T23:49:52","date_gmt":"2020-01-29T23:49:52","guid":{"rendered":"https:\/\/opj.ces.uc.pt\/?page_id=163"},"modified":"2026-01-19T18:17:22","modified_gmt":"2026-01-19T18:17:22","slug":"quem-somos","status":"publish","type":"page","link":"https:\/\/opj.ces.uc.pt\/en\/quem-somos\/","title":{"rendered":"TEAM"},"content":{"rendered":"<div id=\"fws_69ecbb76e95ba\"  data-midnight=\"dark\" data-top-percent=\"3%\"  data-bg-mobile-hidden=\"\" class=\"wpb_row vc_row-fluid vc_row top-level full-width-section standard_section\"  style=\"padding-top: calc(100vw * 0.03); padding-bottom: 0px; \"><div class=\"row-bg-wrap\" data-bg-animation=\"none\"><div class=\"inner-wrap\"><div class=\"row-bg\"  style=\"\"><\/div><\/div><div class=\"row-bg-overlay\" ><\/div><\/div><div class=\"col span_12 dark left\">\n\t<div  class=\"vc_col-sm-12 wpb_column column_container vc_column_container col no-extra-padding\"  data-t-w-inherits=\"default\" data-border-radius=\"none\" data-shadow=\"none\" data-border-animation=\"\" data-border-animation-delay=\"\" data-border-width=\"none\" data-border-style=\"solid\" data-border-color=\"\" data-bg-cover=\"\" data-padding-pos=\"all\" data-has-bg-color=\"false\" data-bg-color=\"\" data-bg-opacity=\"1\" data-hover-bg=\"\" data-hover-bg-opacity=\"1\" data-animation=\"\" data-delay=\"0\"><div class=\"column-bg-overlay\"><\/div>\n\t\t<div class=\"vc_column-inner\">\n\t\t\t<div class=\"wpb_wrapper\">\n\t\t\t\t\r\n\t<div class=\"wpb_text_column wpb_content_element  vc_custom_1603880260365\" >\r\n\t\t<div class=\"wpb_wrapper\">\r\n\t\t\t<h3 style=\"text-align: left;\"><span style=\"color: #ffffff;\">TEAM<\/span><\/h3>\n\r\n\t\t<\/div>\r\n\t<\/div>\r\n<div class=\"divider-wrap\" data-alignment=\"default\"><div style=\"height: 30px;\" class=\"divider\"><\/div><\/div>\r\n\t<div class=\"wpb_text_column wpb_content_element  vc_custom_1728578425736\" >\r\n\t\t<div class=\"wpb_wrapper\">\r\n\t\t\t<p><strong>Coordination<\/strong><\/p>\n<p style=\"font-weight: 300; font-size: 25px;\">Project coordinators: <u><\/u><a href=\"http:\/\/www.ces.uc.pt\/investigadores\/cv\/conceicao_gomes.php\">Concei\u00e7\u00e3o Gomes<\/a><\/p>\n<p>The OPJ\u2019s work is carried out by multidisciplinary teams, including researchers from CES and other academic institutions, university lecturers, justice professionals, particularly judges, prosecutors and lawyers, and other specialists with specific expertise relevant to the studies being undertaken. Some projects also involve consultants with specialised knowledge of the topics under study.<\/p>\n\r\n\t\t<\/div>\r\n\t<\/div>\r\n\n\t\t\t<\/div> \n\t\t<\/div>\n\t<\/div> \n<\/div><\/div>\n\t\t<div id=\"fws_69ecbb76e994f\"  data-midnight=\"dark\" data-top-percent=\"2%\" data-bottom-percent=\"8%\"  data-bg-mobile-hidden=\"\" class=\"wpb_row vc_row-fluid vc_row full-width-section standard_section\"  style=\"padding-top: calc(100vw * 0.02); padding-bottom: calc(100vw * 0.08); \"><div class=\"row-bg-wrap\" data-bg-animation=\"none\"><div class=\"inner-wrap\"><div class=\"row-bg\"  style=\"\"><\/div><\/div><div class=\"row-bg-overlay\" ><\/div><\/div><div class=\"col span_12 dark left\">\n\t<div style=\"margin-bottom: -6%!important; \" class=\"vc_col-sm-12 wpb_column column_container vc_column_container col no-extra-padding\"  data-t-w-inherits=\"default\" data-border-radius=\"none\" data-shadow=\"none\" data-border-animation=\"\" data-border-animation-delay=\"\" data-border-width=\"none\" data-border-style=\"solid\" data-border-color=\"\" data-bg-cover=\"\" data-padding-pos=\"all\" data-has-bg-color=\"false\" data-bg-color=\"\" data-bg-opacity=\"1\" data-hover-bg=\"\" data-hover-bg-opacity=\"1\" data-animation=\"\" data-delay=\"0\"><div class=\"column-bg-overlay\"><\/div>\n\t\t<div class=\"vc_column-inner\">\n\t\t\t<div class=\"wpb_wrapper\">\n\t\t\t\t\r\n\t<div class=\"wpb_text_column wpb_content_element\" >\r\n\t\t<div class=\"wpb_wrapper\">\r\n\t\t\t<p><strong>Team<\/strong><\/p>\n<p><strong><br \/>\nA<\/strong><\/p>\n<p style=\"font-weight: 300; font-size: 25px;\"><a href=\"https:\/\/www.ces.uc.pt\/pt\/ces\/pessoas\/investigadoras-es\/ana-paula-relvas\">Ana Paula Relvas<\/a>\u00a0 |\u00a0 <a href=\"https:\/\/iclg.com\/firms\/tpla-taciana-peao-lopes-and-advogados-associados\/andre-jose\">Andr\u00e9 Cristiano<\/a>\u00a0 |\u00a0 <a href=\"https:\/\/www.ces.uc.pt\/pt\/ces\/pessoas\/investigadoras-es\/antonio-casimiro-ferreira\">Ant\u00f3nio Casimiro Ferreira<\/a><\/p>\n<hr \/>\n<p><strong><br \/>\nC<\/strong><\/p>\n<p style=\"font-weight: 300; font-size: 25px;\"><a href=\"https:\/\/www.ces.uc.pt\/pt\/ces\/pessoas\/investigadoras-es-juniores\/carla-soares\">Carla Soares<\/a>\u00a0 |\u00a0 <a href=\"https:\/\/www.ces.uc.pt\/pt\/ces\/pessoas\/investigadoras-es\/carlos-nolasco\">Carlos Nolasco<\/a>\u00a0 |\u00a0 <a href=\"https:\/\/www.ces.uc.pt\/pt\/ces\/pessoas\/investigadoras-es-juniores\/carolina-carvalho\">Carolina Carvalho<\/a>\u00a0 |\u00a0 <a href=\"https:\/\/www.ces.uc.pt\/pt\/ces\/pessoas\/investigadoras-es\/catarina-frade\">Catarina Frade<\/a><\/p>\n<hr \/>\n<p><strong><br \/>\nD<\/strong><\/p>\n<p style=\"font-weight: 300; font-size: 25px;\"><a href=\"https:\/\/www.ces.uc.pt\/pt\/ces\/pessoas\/investigadoras-es-juniores\/diana-raquel-barros\">Diana Barros<\/a><\/p>\n<hr \/>\n<p><strong><br \/>\nF<\/strong><\/p>\n<p style=\"font-weight: 300; font-size: 25px;\"><a href=\"https:\/\/www.ces.uc.pt\/pt\/ces\/pessoas\/investigadoras-es-juniores\/fernanda-jesus\">Fernanda Jesus<\/a> \u00a0|\u00a0 <a href=\"https:\/\/www.ces.uc.pt\/pt\/ces\/pessoas\/investigadoras-es\/fernando-fontes\">Fernando Fontes<\/a>\u00a0\u00a0|\u00a0 <a href=\"https:\/\/www.ces.uc.pt\/pt\/ces\/pessoas\/investigadoras-es-em-pos-doutoramento\/filipa-queiros\">Filipa Queir\u00f3s<\/a><\/p>\n<hr \/>\n<p><strong><br \/>\nG<\/strong><\/p>\n<p style=\"font-weight: 300; font-size: 25px;\"><a href=\"https:\/\/www.ces.uc.pt\/pt\/ces\/pessoas\/investigadoras-es-juniores\/gustavo-veiga\">Gustavo Veiga<\/a><\/p>\n<hr \/>\n<p><strong><br \/>\nJ<\/strong><\/p>\n<p style=\"font-weight: 300; font-size: 25px;\"><a href=\"https:\/\/www.ces.uc.pt\/pt\/ces\/pessoas\/investigadoras-es\/joao-paulo-dias\">Jo\u00e3o Paulo Dias<\/a> \u00a0|\u00a0 <a href=\"https:\/\/www.ces.uc.pt\/pt\/ces\/pessoas\/investigadoras-es-colaboradoras-es\/jose-igreja-matos\">Jos\u00e9 Igreja Matos<\/a> \u00a0|\u00a0 \u00a0<a href=\"https:\/\/www.ces.uc.pt\/pt\/ces\/pessoas\/investigadoras-es\/jose-manuel-mendes\">Jos\u00e9 Manuel Mendes<\/a>\u00a0\u00a0|\u00a0 <a href=\"https:\/\/www.ces.uc.pt\/pt\/ces\/pessoas\/investigadoras-es-colaboradoras-es\/jose-antonio-mouraz-lopes\">Jos\u00e9 Mouraz Lopes<\/a><\/p>\n<hr \/>\n<p><strong><br \/>\nL<\/strong><\/p>\n<p style=\"font-weight: 300; font-size: 25px;\"><a href=\"https:\/\/www.ces.uc.pt\/pt\/ces\/pessoas\/investigadoras-es\/luca-verzelloni\">Luca Verzelloni<\/a> \u00a0|\u00a0 <a href=\"https:\/\/www.ces.uc.pt\/pt\/ces\/pessoas\/investigadoras-es\/luciana-sotero\">Luciana Sotero<\/a><\/p>\n<hr \/>\n<p><strong><br \/>\nM<\/strong><\/p>\n<p style=\"font-weight: 300; font-size: 25px;\"><a href=\"https:\/\/www.ces.uc.pt\/pt\/ces\/pessoas\/investigadoras-es\/madalena-duarte\">Madalena Duarte<\/a>\u00a0 |\u00a0 <a href=\"https:\/\/www.ces.uc.pt\/pt\/ces\/pessoas\/investigadoras-es\/marina-henriques\">Marina Henriques<\/a>\u00a0 |\u00a0 <a href=\"https:\/\/www.ces.uc.pt\/pt\/ces\/pessoas\/investigadoras-es\/monica-lopes\">M\u00f3nica Lopes<\/a><\/p>\n<hr \/>\n<p><strong><br \/>\nP<\/strong><\/p>\n<p style=\"font-weight: 300; font-size: 25px;\"><a href=\"https:\/\/www.ces.uc.pt\/pt\/ces\/pessoas\/investigadoras-es\/patricia-branco\">Patr\u00edcia Branco<\/a>\u00a0 |\u00a0 <a href=\"https:\/\/www.ces.uc.pt\/pt\/ces\/pessoas\/investigadoras-es\/paula-casaleiro\">Paula Casaleiro<\/a> |\u00a0 <a href=\"https:\/\/www.ces.uc.pt\/pt\/ces\/pessoas\/investigadoras-es\/paula-fernando\">Paula Fernando<\/a><\/p>\n<hr \/>\n<p><strong><br \/>\nR<\/strong><\/p>\n<p style=\"font-weight: 300; font-size: 25px;\"><a href=\"https:\/\/earhvd.sg.mai.gov.pt\/AEquipa\/Pages\/Coordenador.aspx\">Rui do Carmo<\/a><\/p>\n<hr \/>\n<p><strong><br \/>\nS<\/strong><\/p>\n<p style=\"font-weight: 300; font-size: 25px;\"><a href=\"https:\/\/www.ces.uc.pt\/pt\/ces\/pessoas\/investigadoras-es\/sara-araujo\">Sara Ara\u00fajo<\/a>\u00a0 |\u00a0 <a href=\"https:\/\/www.flinders.edu.au\/people\/sharyn.roachanleu\">Sharyn Roach Anleu<\/a>\u00a0 |\u00a0 <a href=\"https:\/\/www.jusgov.uminho.pt\/pt-pt\/investigadores\/andreia-oliveira\/\">Sofia Oliveira<\/a>\u00a0 |\u00a0 <a href=\"https:\/\/www.nkvts.no\/english\/employee\/bergman-solveig\/\">Solveig Bergman<\/a><\/p>\n<hr \/>\n<p><strong><br \/>\nT<\/strong><\/p>\n<p style=\"font-weight: 300; font-size: 25px;\"><a href=\"https:\/\/www.ces.uc.pt\/pt\/ces\/pessoas\/investigadoras-es\/teresa-maneca-lima\">Teresa Maneca Lima<\/a><\/p>\n\r\n\t\t<\/div>\r\n\t<\/div>\r\n\n\t\t\t<\/div> \n\t\t<\/div>\n\t<\/div> \n<\/div><\/div>","protected":false},"excerpt":{"rendered":"PESSOAS Coordena\u00e7\u00e3o Coordena\u00e7\u00e3o: Concei\u00e7\u00e3o Gomes A a\u00e7\u00e3o do OPJ \u00e9 desenvolvida por equipas multidisciplinares, integradas por investigadores do CES e de outras institui\u00e7\u00f5es acad\u00e9micas, docentes universit\u00e1rios, profissionais da \u00e1rea da...","protected":false},"author":1,"featured_media":0,"parent":0,"menu_order":0,"comment_status":"closed","ping_status":"closed","template":"","meta":{"footnotes":""},"class_list":["post-163","page","type-page","status-publish"],"_links":{"self":[{"href":"https:\/\/opj.ces.uc.pt\/en\/wp-json\/wp\/v2\/pages\/163","targetHints":{"allow":["GET"]}}],"collection":[{"href":"https:\/\/opj.ces.uc.pt\/en\/wp-json\/wp\/v2\/pages"}],"about":[{"href":"https:\/\/opj.ces.uc.pt\/en\/wp-json\/wp\/v2\/types\/page"}],"author":[{"embeddable":true,"href":"https:\/\/opj.ces.uc.pt\/en\/wp-json\/wp\/v2\/users\/1"}],"replies":[{"embeddable":true,"href":"https:\/\/opj.ces.uc.pt\/en\/wp-json\/wp\/v2\/comments?post=163"}],"version-history":[{"count":70,"href":"https:\/\/opj.ces.uc.pt\/en\/wp-json\/wp\/v2\/pages\/163\/revisions"}],"predecessor-version":[{"id":4225,"href":"https:\/\/opj.ces.uc.pt\/en\/wp-json\/wp\/v2\/pages\/163\/revisions\/4225"}],"wp:attachment":[{"href":"https:\/\/opj.ces.uc.pt\/en\/wp-json\/wp\/v2\/media?parent=163"}],"curies":[{"name":"wp","href":"https:\/\/api.w.org\/{rel}","templated":true}]}}