{"id":1644,"date":"2020-10-24T22:12:04","date_gmt":"2020-10-24T22:12:04","guid":{"rendered":"https:\/\/opj.ces.uc.pt\/?page_id=1644"},"modified":"2020-11-02T12:17:40","modified_gmt":"2020-11-02T12:17:40","slug":"seminario-cooperacao-internacional-governacao-e-estado-de-direito-online-mocambique","status":"publish","type":"page","link":"https:\/\/opj.ces.uc.pt\/en\/seminario-cooperacao-internacional-governacao-e-estado-de-direito-online-mocambique\/","title":{"rendered":"Semin\u00e1rio Coopera\u00e7\u00e3o Internacional, Governa\u00e7\u00e3o e Estado de Direito (online) \u2013 Mo\u00e7ambique"},"content":{"rendered":"<div id=\"fws_69f650af0429a\"  data-midnight=\"dark\" data-top-percent=\"3%\" data-bottom-percent=\"3%\"  data-bg-mobile-hidden=\"\" class=\"wpb_row vc_row-fluid vc_row top-level full-width-section standard_section\"  style=\"padding-top: calc(100vw * 0.03); padding-bottom: calc(100vw * 0.03); \"><div class=\"row-bg-wrap\" data-bg-animation=\"none\"><div class=\"inner-wrap\"><div class=\"row-bg\"  style=\"\"><\/div><\/div><div class=\"row-bg-overlay\" ><\/div><\/div><div class=\"col span_12 dark left\">\n\t<div  class=\"vc_col-sm-12 wpb_column column_container vc_column_container col no-extra-padding\"  data-t-w-inherits=\"default\" data-border-radius=\"none\" data-shadow=\"none\" data-border-animation=\"\" data-border-animation-delay=\"\" data-border-width=\"none\" data-border-style=\"solid\" data-border-color=\"\" data-bg-cover=\"\" data-padding-pos=\"all\" data-has-bg-color=\"false\" data-bg-color=\"\" data-bg-opacity=\"1\" data-hover-bg=\"\" data-hover-bg-opacity=\"1\" data-animation=\"\" data-delay=\"0\"><div class=\"column-bg-overlay\"><\/div>\n\t\t<div class=\"vc_column-inner\">\n\t\t\t<div class=\"wpb_wrapper\">\n\t\t\t\t\r\n\t<div class=\"wpb_text_column wpb_content_element  vc_custom_1604319457830\" >\r\n\t\t<div class=\"wpb_wrapper\">\r\n\t\t\t<h3 style=\"text-align: left;\"><span style=\"color: #ffffff;\">SEMINAR \u201cINTERNATIONAL COOPERATION, GOVERNANCE AND THE RULE OF LAW\u201d<\/span><\/h3>\n\r\n\t\t<\/div>\r\n\t<\/div>\r\n<div class=\"divider-wrap\" data-alignment=\"default\"><div style=\"height: 50px;\" class=\"divider\"><\/div><\/div>\n\t\t\t<\/div> \n\t\t<\/div>\n\t<\/div> \n<\/div><\/div>\n\t\t<div id=\"fws_69f650af04620\"  data-midnight=\"dark\"  data-bg-mobile-hidden=\"\" class=\"wpb_row vc_row-fluid vc_row standard_section\"  style=\"padding-top: 0px; padding-bottom: 0px; \"><div class=\"row-bg-wrap\" data-bg-animation=\"none\"><div class=\"inner-wrap\"><div class=\"row-bg\"  style=\"\"><\/div><\/div><div class=\"row-bg-overlay\" ><\/div><\/div><div class=\"col span_12 dark left\">\n\t<div  class=\"vc_col-sm-8 wpb_column column_container vc_column_container col no-extra-padding\"  data-t-w-inherits=\"default\" data-border-radius=\"none\" data-shadow=\"none\" data-border-animation=\"\" data-border-animation-delay=\"\" data-border-width=\"none\" data-border-style=\"solid\" data-border-color=\"\" data-bg-cover=\"\" data-padding-pos=\"all\" data-has-bg-color=\"false\" data-bg-color=\"\" data-bg-opacity=\"1\" data-hover-bg=\"\" data-hover-bg-opacity=\"1\" data-animation=\"\" data-delay=\"0\"><div class=\"column-bg-overlay\"><\/div>\n\t\t<div class=\"vc_column-inner\">\n\t\t\t<div class=\"wpb_wrapper\">\n\t\t\t\t\r\n\t<div class=\"wpb_text_column wpb_content_element  vc_custom_1603619851109\" >\r\n\t\t<div class=\"wpb_wrapper\">\r\n\t\t\t<p>Seminar<strong>\u00a0International Cooperation, Governance and the Rule of Law (online) \u2013 Mozambique<\/strong><br \/>\nSeminar organised by OPJ, in partnership with the Mozambican Association of Judges, within the framework of the\u00a0<a href=\"https:\/\/ces.uc.pt\/pt\/investigacao\/projetos-de-investigacao\/projetos-financiados\/encontros-de-conhecimento-e-de-partilha-de\">PACED Activities project: Project to support the consolidation of the rule of law<\/a>.<br \/>\n20, 21 and 22 October<br \/>\nMozambique<\/p>\n\r\n\t\t<\/div>\r\n\t<\/div>\r\n<div class=\"divider-wrap\" data-alignment=\"default\"><div style=\"height: 30px;\" class=\"divider\"><\/div><\/div><a class=\"nectar-button small see-through accent-color has-icon\" style=\"border-color: #581634; color: #581634;\" target=\"_blank\" href=\"https:\/\/opj.ces.uc.pt\/wp-content\/uploads\/2020\/10\/Semina%CC%81rio_Moc%CC%A7ambique.pdf\" data-color-override=\"#581634\" data-hover-color-override=\"false\" data-hover-text-color-override=\"#fff\"><span>PROGRAMME<\/span><i  class=\"fa fa-file-pdf-o\"><\/i><\/a>\n\t\t\t<\/div> \n\t\t<\/div>\n\t<\/div> \n\n\t<div  class=\"vc_col-sm-4 wpb_column column_container vc_column_container col no-extra-padding\"  data-t-w-inherits=\"default\" data-border-radius=\"none\" data-shadow=\"none\" data-border-animation=\"\" data-border-animation-delay=\"\" data-border-width=\"none\" data-border-style=\"solid\" data-border-color=\"\" data-bg-cover=\"\" data-padding-pos=\"all\" data-has-bg-color=\"false\" data-bg-color=\"\" data-bg-opacity=\"1\" data-hover-bg=\"\" data-hover-bg-opacity=\"1\" data-animation=\"\" data-delay=\"0\"><div class=\"column-bg-overlay\"><\/div>\n\t\t<div class=\"vc_column-inner\">\n\t\t\t<div class=\"wpb_wrapper\">\n\t\t\t\t\n\t\t\t<\/div> \n\t\t<\/div>\n\t<\/div> \n<\/div><\/div>","protected":false},"excerpt":{"rendered":"SEMIN\u00c1RIO\u00a0COOPERA\u00c7\u00c3O INTERNACIONAL, GOVERNA\u00c7\u00c3O E ESTADO DE DIREITO Semin\u00e1rio\u00a0Coopera\u00e7\u00e3o Internacional, Governa\u00e7\u00e3o e Estado de Direito (online) \u2013 Mo\u00e7ambique Semin\u00e1rio organizado pelo OPJ, em parceria com a Associa\u00e7\u00e3o Mo\u00e7ambicana de Ju\u00edzes, no...","protected":false},"author":1,"featured_media":0,"parent":0,"menu_order":0,"comment_status":"closed","ping_status":"closed","template":"","meta":{"footnotes":""},"class_list":["post-1644","page","type-page","status-publish"],"_links":{"self":[{"href":"https:\/\/opj.ces.uc.pt\/en\/wp-json\/wp\/v2\/pages\/1644","targetHints":{"allow":["GET"]}}],"collection":[{"href":"https:\/\/opj.ces.uc.pt\/en\/wp-json\/wp\/v2\/pages"}],"about":[{"href":"https:\/\/opj.ces.uc.pt\/en\/wp-json\/wp\/v2\/types\/page"}],"author":[{"embeddable":true,"href":"https:\/\/opj.ces.uc.pt\/en\/wp-json\/wp\/v2\/users\/1"}],"replies":[{"embeddable":true,"href":"https:\/\/opj.ces.uc.pt\/en\/wp-json\/wp\/v2\/comments?post=1644"}],"version-history":[{"count":25,"href":"https:\/\/opj.ces.uc.pt\/en\/wp-json\/wp\/v2\/pages\/1644\/revisions"}],"predecessor-version":[{"id":2200,"href":"https:\/\/opj.ces.uc.pt\/en\/wp-json\/wp\/v2\/pages\/1644\/revisions\/2200"}],"wp:attachment":[{"href":"https:\/\/opj.ces.uc.pt\/en\/wp-json\/wp\/v2\/media?parent=1644"}],"curies":[{"name":"wp","href":"https:\/\/api.w.org\/{rel}","templated":true}]}}