{"id":1674,"date":"2020-10-25T09:54:58","date_gmt":"2020-10-25T09:54:58","guid":{"rendered":"https:\/\/opj.ces.uc.pt\/?page_id=1674"},"modified":"2020-11-02T12:10:43","modified_gmt":"2020-11-02T12:10:43","slug":"ii-encontro-de-conhecimento-partilha-de-experiencias-e-boas-praticas-moz","status":"publish","type":"page","link":"https:\/\/opj.ces.uc.pt\/en\/ii-encontro-de-conhecimento-partilha-de-experiencias-e-boas-praticas-moz\/","title":{"rendered":"II Encontro de Conhecimento, Partilha de Experi\u00eancias e Boas Pr\u00e1ticas &#8211; MOZ"},"content":{"rendered":"<div id=\"fws_69f3ec1b7f621\"  data-midnight=\"dark\" data-top-percent=\"3%\"  data-bg-mobile-hidden=\"\" class=\"wpb_row vc_row-fluid vc_row top-level full-width-section standard_section\"  style=\"padding-top: calc(100vw * 0.03); padding-bottom: 0px; \"><div class=\"row-bg-wrap\" data-bg-animation=\"none\"><div class=\"inner-wrap\"><div class=\"row-bg\"  style=\"\"><\/div><\/div><div class=\"row-bg-overlay\" ><\/div><\/div><div class=\"col span_12 dark left\">\n\t<div  class=\"vc_col-sm-12 wpb_column column_container vc_column_container col no-extra-padding\"  data-t-w-inherits=\"default\" data-border-radius=\"none\" data-shadow=\"none\" data-border-animation=\"\" data-border-animation-delay=\"\" data-border-width=\"none\" data-border-style=\"solid\" data-border-color=\"\" data-bg-cover=\"\" data-padding-pos=\"all\" data-has-bg-color=\"false\" data-bg-color=\"\" data-bg-opacity=\"1\" data-hover-bg=\"\" data-hover-bg-opacity=\"1\" data-animation=\"\" data-delay=\"0\"><div class=\"column-bg-overlay\"><\/div>\n\t\t<div class=\"vc_column-inner\">\n\t\t\t<div class=\"wpb_wrapper\">\n\t\t\t\t\r\n\t<div class=\"wpb_text_column wpb_content_element  vc_custom_1604319042224\" >\r\n\t\t<div class=\"wpb_wrapper\">\r\n\t\t\t<h3 style=\"text-align: left;\"><span style=\"color: #ffffff;\">II MEETING \u2013 MOZAMBIQUE, 7, 9 AND 14 OCTOBER 2020 (ONLINE)<\/span><\/h3>\n\r\n\t\t<\/div>\r\n\t<\/div>\r\n<div class=\"divider-wrap\" data-alignment=\"default\"><div style=\"height: 50px;\" class=\"divider\"><\/div><\/div>\n\t\t\t<\/div> \n\t\t<\/div>\n\t<\/div> \n<\/div><\/div>\n\t\t<div id=\"fws_69f3ec1b7fccf\"  data-midnight=\"dark\"  data-bg-mobile-hidden=\"\" class=\"wpb_row vc_row-fluid vc_row standard_section\"  style=\"padding-top: 0px; padding-bottom: 0px; \"><div class=\"row-bg-wrap\" data-bg-animation=\"none\"><div class=\"inner-wrap\"><div class=\"row-bg\"  style=\"\"><\/div><\/div><div class=\"row-bg-overlay\" ><\/div><\/div><div class=\"col span_12 dark left\">\n\t<div  class=\"vc_col-sm-8 wpb_column column_container vc_column_container col no-extra-padding\"  data-t-w-inherits=\"default\" data-border-radius=\"none\" data-shadow=\"none\" data-border-animation=\"\" data-border-animation-delay=\"\" data-border-width=\"none\" data-border-style=\"solid\" data-border-color=\"\" data-bg-cover=\"\" data-padding-pos=\"all\" data-has-bg-color=\"false\" data-bg-color=\"\" data-bg-opacity=\"1\" data-hover-bg=\"\" data-hover-bg-opacity=\"1\" data-animation=\"\" data-delay=\"0\"><div class=\"column-bg-overlay\"><\/div>\n\t\t<div class=\"vc_column-inner\">\n\t\t\t<div class=\"wpb_wrapper\">\n\t\t\t\t<div class=\"img-with-aniamtion-wrap\" data-max-width=\"100%\" data-border-radius=\"none\"><div class=\"inner\"><img loading=\"lazy\" decoding=\"async\" data-shadow=\"none\" data-shadow-direction=\"middle\" class=\"img-with-animation skip-lazy\" data-delay=\"0\" height=\"300\" width=\"572\"  data-animation=\"fade-in\" src=\"https:\/\/opj.ces.uc.pt\/wp-content\/uploads\/2020\/10\/7.jpg\" srcset=\"https:\/\/opj.ces.uc.pt\/wp-content\/uploads\/2020\/10\/7.jpg 572w, https:\/\/opj.ces.uc.pt\/wp-content\/uploads\/2020\/10\/7-300x157.jpg 300w\" sizes=\"auto, 100vw\" alt=\"\" \/><\/div><\/div>\r\n\t<div class=\"wpb_text_column wpb_content_element  vc_custom_1604318754186\" >\r\n\t\t<div class=\"wpb_wrapper\">\r\n\t\t\t<p><a href=\"https:\/\/opj.ces.uc.pt\/wp-content\/uploads\/2020\/10\/II-Encontro_Moc\u0327ambique.pdf\"><b>II Meeting on Knowledge, Sharing Experiences and Good Practices: Preventing and effectively combating corruption, money laundering and organised crime (online) \u2013  Mozambique<\/b><\/a><br \/>\nMeeting organised by OPJ, in partnership with the Legal and Judicial Training Centre of Mozambique, within the framework of the\u00a0<a href=\"https:\/\/ces.uc.pt\/pt\/investigacao\/projetos-de-investigacao\/projetos-financiados\/encontros-de-conhecimento-e-de-partilha-de\">PACED Activities project: Project to support the consolidation of the rule of law<\/a>.<br \/>\n7, 9 and 14 October<br \/>\nMozambique<\/p>\n<p>News on the meeting:\u00a0<a href=\"https:\/\/www.asemana.publ.cv\/?Autoridades-mocambicanas-fortalecem-cooperacao-para-melhorar-combate-a\">ASemana<\/a>\u00a0\u2013\u00a0<a href=\"https:\/\/observador.pt\/2020\/10\/07\/instituicoes-mocambicanas-reunidas-a-partir-de-esta-quarta-feira-para-debater-combate-a-corrupcao\/\">Observador<\/a>\u00a0\u2013\u00a0<a href=\"https:\/\/www.sapo.pt\/noticias\/atualidade\/instituicoes-mocambicanas-reunidas-a-partir_5f7d52ee94c5712476b848cc\">Sapo<\/a>\u00a0\u2013<a href=\"https:\/\/www.noticiasaominuto.com\/mundo\/1599303\/mocambique-instituicoes-reunidas-para-debater-combate-a-corrupcao?utm_medium=social&amp;utm_source=twitter.com&amp;utm_campaign=buffer&amp;utm_content=geral\">\u00a0Not\u00edcias ao minuto<\/a>\u00a0\u2013\u00a0<a href=\"https:\/\/24.sapo.pt\/noticias\/instituicoes-mocambicanas-reunidas-a-partir_5f7d52ee94c5712476b848cc\">24Sapo<\/a><\/p>\n\r\n\t\t<\/div>\r\n\t<\/div>\r\n<div class=\"divider-wrap\" data-alignment=\"default\"><div style=\"height: 30px;\" class=\"divider\"><\/div><\/div><a class=\"nectar-button small see-through accent-color has-icon\" style=\"border-color: #581634; color: #581634;\" target=\"_blank\" href=\"https:\/\/opj.ces.uc.pt\/wp-content\/uploads\/2020\/10\/II-Encontro_Moc%CC%A7ambique.pdf\" data-color-override=\"#581634\" data-hover-color-override=\"false\" data-hover-text-color-override=\"#fff\"><span>PROGRAMME<\/span><i  class=\"fa fa-file-pdf-o\"><\/i><\/a>\n\t\t\t<\/div> \n\t\t<\/div>\n\t<\/div> \n\n\t<div  class=\"vc_col-sm-4 wpb_column column_container vc_column_container col no-extra-padding\"  data-t-w-inherits=\"default\" data-border-radius=\"none\" data-shadow=\"none\" data-border-animation=\"\" data-border-animation-delay=\"\" data-border-width=\"none\" data-border-style=\"solid\" data-border-color=\"\" data-bg-cover=\"\" data-padding-pos=\"all\" data-has-bg-color=\"false\" data-bg-color=\"\" data-bg-opacity=\"1\" data-hover-bg=\"\" data-hover-bg-opacity=\"1\" data-animation=\"\" data-delay=\"0\"><div class=\"column-bg-overlay\"><\/div>\n\t\t<div class=\"vc_column-inner\">\n\t\t\t<div class=\"wpb_wrapper\">\n\t\t\t\t\n\t\t\t<\/div> \n\t\t<\/div>\n\t<\/div> \n<\/div><\/div>","protected":false},"excerpt":{"rendered":"II ENCONTRO \u2013 MO\u00c7AMBIQUE, 7, 9 AND 14 OCTOBER 2020 (ONLINE) II Encontro de Conhecimento, Partilha de Experi\u00eancias e Boas Pr\u00e1ticas: Prevenir e lutar eficazmente contra a corrup\u00e7\u00e3o, branqueamento de...","protected":false},"author":1,"featured_media":0,"parent":0,"menu_order":0,"comment_status":"closed","ping_status":"closed","template":"","meta":{"footnotes":""},"class_list":["post-1674","page","type-page","status-publish"],"_links":{"self":[{"href":"https:\/\/opj.ces.uc.pt\/en\/wp-json\/wp\/v2\/pages\/1674","targetHints":{"allow":["GET"]}}],"collection":[{"href":"https:\/\/opj.ces.uc.pt\/en\/wp-json\/wp\/v2\/pages"}],"about":[{"href":"https:\/\/opj.ces.uc.pt\/en\/wp-json\/wp\/v2\/types\/page"}],"author":[{"embeddable":true,"href":"https:\/\/opj.ces.uc.pt\/en\/wp-json\/wp\/v2\/users\/1"}],"replies":[{"embeddable":true,"href":"https:\/\/opj.ces.uc.pt\/en\/wp-json\/wp\/v2\/comments?post=1674"}],"version-history":[{"count":11,"href":"https:\/\/opj.ces.uc.pt\/en\/wp-json\/wp\/v2\/pages\/1674\/revisions"}],"predecessor-version":[{"id":2199,"href":"https:\/\/opj.ces.uc.pt\/en\/wp-json\/wp\/v2\/pages\/1674\/revisions\/2199"}],"wp:attachment":[{"href":"https:\/\/opj.ces.uc.pt\/en\/wp-json\/wp\/v2\/media?parent=1674"}],"curies":[{"name":"wp","href":"https:\/\/api.w.org\/{rel}","templated":true}]}}