{"id":182,"date":"2020-01-30T00:19:38","date_gmt":"2020-01-30T00:19:38","guid":{"rendered":"https:\/\/opj.ces.uc.pt\/?page_id=182"},"modified":"2020-10-28T10:17:13","modified_gmt":"2020-10-28T10:17:13","slug":"parcerias","status":"publish","type":"page","link":"https:\/\/opj.ces.uc.pt\/en\/parcerias\/","title":{"rendered":"PARTNERSHIPS"},"content":{"rendered":"<div id=\"fws_6a02d2a05b78d\"  data-midnight=\"dark\" data-top-percent=\"3%\"  data-bg-mobile-hidden=\"\" class=\"wpb_row vc_row-fluid vc_row top-level full-width-section standard_section\"  style=\"padding-top: calc(100vw * 0.03); padding-bottom: 0px; \"><div class=\"row-bg-wrap\" data-bg-animation=\"none\"><div class=\"inner-wrap\"><div class=\"row-bg\"  style=\"\"><\/div><\/div><div class=\"row-bg-overlay\" ><\/div><\/div><div class=\"col span_12 dark left\">\n\t<div  class=\"vc_col-sm-12 wpb_column column_container vc_column_container col no-extra-padding\"  data-t-w-inherits=\"default\" data-border-radius=\"none\" data-shadow=\"none\" data-border-animation=\"\" data-border-animation-delay=\"\" data-border-width=\"none\" data-border-style=\"solid\" data-border-color=\"\" data-bg-cover=\"\" data-padding-pos=\"all\" data-has-bg-color=\"false\" data-bg-color=\"\" data-bg-opacity=\"1\" data-hover-bg=\"\" data-hover-bg-opacity=\"1\" data-animation=\"\" data-delay=\"0\"><div class=\"column-bg-overlay\"><\/div>\n\t\t<div class=\"vc_column-inner\">\n\t\t\t<div class=\"wpb_wrapper\">\n\t\t\t\t\r\n\t<div class=\"wpb_text_column wpb_content_element  vc_custom_1603880232826\" >\r\n\t\t<div class=\"wpb_wrapper\">\r\n\t\t\t<h3 style=\"text-align: left;\"><span style=\"color: #ffffff;\">PARTNERSHIPS<\/span><\/h3>\n\r\n\t\t<\/div>\r\n\t<\/div>\r\n<div class=\"divider-wrap\" data-alignment=\"default\"><div style=\"height: 30px;\" class=\"divider\"><\/div><\/div>\r\n\t<div class=\"wpb_text_column wpb_content_element  vc_custom_1603802682124\" >\r\n\t\t<div class=\"wpb_wrapper\">\r\n\t\t\t<p>OPJ is keenly aware of the need for establishing partnerships with national and international institutions so as to share knowledge, experiences and joint actions. Some projects are conducted by multinational teams.<\/p>\n\r\n\t\t<\/div>\r\n\t<\/div>\r\n<div class=\"divider-wrap\" data-alignment=\"default\"><div style=\"height: 30px;\" class=\"divider\"><\/div><\/div>\r\n\t<div class=\"wpb_text_column wpb_content_element  vc_custom_1603803008897\" >\r\n\t\t<div class=\"wpb_wrapper\">\r\n\t\t\t<p><strong>A<\/strong><\/p>\n<p><a href=\"http:\/\/www.amj.org.mz\/\">Associa\u00e7\u00e3o Mo\u00e7ambicana de Ju\u00edzes <\/a><br \/>\n<a href=\"http:\/\/www.asjp.pt\/\">Associa\u00e7\u00e3o Sindical dos Ju\u00edzes Portugueses<\/a><\/p>\n<p><strong>C<\/strong><\/p>\n<p><a href=\"http:\/\/www.fduan.ao\/investigacaocientifica.php\">Centro de Estudos de Direito P\u00fablico da Faculdade de Direito da Universidade de Agostinho Neto\u00a0<\/a><br \/>\n<a href=\"https:\/\/www.cfjj.gov.mz\/\">Centro de Forma\u00e7\u00e3o Jur\u00eddica e Judici\u00e1ria <\/a><br \/>\n<a href=\"http:\/\/www.copedem.com.br\/\">Col\u00e9gio Permanente de Diretores de Escolas Estaduais da Magistratura do Brasil<\/a><br \/>\nComiss\u00e3o para a Reforma Legislativa e do Setor da Justi\u00e7a de Timor-Leste (Timor-Leste)<br \/>\n<a href=\"http:\/\/www.csm.org.pt\/\">Conselho Superior da Magistratura\u00a0<\/a><\/p>\n<p><strong>D<\/strong><\/p>\n<p><a href=\"https:\/\/dgrsp.justica.gov.pt\/\">Dire\u00e7\u00e3o-Geral de Reinser\u00e7\u00e3o e Servi\u00e7os Prisionais<\/a><\/p>\n<p><strong>F<\/strong><\/p>\n<p><a href=\"https:\/\/pt-pt.facebook.com\/fduan.ao\/\">Faculdade de Direito da Universidade Agostinho Neto\u00a0<\/a><br \/>\n<a href=\"https:\/\/www.facebook.com\/fdbissau\/\">Faculdade de Direito de Bissau<\/a><br \/>\n<a href=\"http:\/\/www.uc.pt\/feuc\">Faculdade de Economia da Universidade de Coimbra<\/a><\/p>\n<p><strong>I<\/strong><\/p>\n<p><a href=\"http:\/\/www.microsofttranslator.com\/bv.aspx?ref=SERP&amp;br=ro&amp;mkt=pt-PT&amp;dl=pt&amp;lp=EN_PT&amp;a=http%3a%2f%2fwww.iee-ulb.eu%2fen\">Institut d\u2019Etudes Europ\u00e9ennes \u2013 Universit\u00e9 Libre de Bruxelles<\/a><br \/>\n<a href=\"https:\/\/www.idhc.org\/ca\/\">Institut de Drets Humans de Catalunya<\/a><br \/>\n<a href=\"http:\/\/www.ipa.org.au\/\">Institute of Public Affairs<\/a><br \/>\n<a href=\"http:\/\/www.irsig.cnr.it\/\">Istituto di Ricerca sui Sistemi Giudiziari \u2013 Consiglio Nazionale delle Ricerche<\/a><br \/>\nInstituto Nacional de Estudos Judici\u00e1rios de Angola<\/p>\n<p><strong>J<\/strong><\/p>\n<p><a href=\"http:\/\/www.juecesdemocracia.es\/\">Jueces para la Democracia<\/a><\/p>\n<p><strong>M<\/strong><\/p>\n<p><a href=\"https:\/\/www.maastrichtuniversity.nl\/\" target=\"_blank\" rel=\"noopener noreferrer\">Maastricht University<\/a><br \/>\n<a href=\"http:\/\/www.justica.gov.st\/\">Minist\u00e9rio da Justi\u00e7a de S\u00e3o Tom\u00e9 e Pr\u00edncipe<\/a><br \/>\n<a href=\"https:\/\/www.governo.cv\/governo\/ministerios\/ministra-da-justica-e-do-trabalho\/\">Minist\u00e9rio da Justi\u00e7a e Trabalho de Cabo Verde<\/a><br \/>\n<a href=\"http:\/\/www.mj.gov.tl\/\">Minist\u00e9rio da Justi\u00e7a de Timor-Leste<\/a><\/p>\n<p><strong>N<\/strong><\/p>\n<p><a href=\"http:\/\/www.ncsc.org\/\">National Center for State Courts<\/a><br \/>\n<a href=\"https:\/\/www.nkvts.no\/english\/\">Norwegian Centre for Violence and Traumatic Stress Studies<\/a><\/p>\n<p><strong>O<\/strong><\/p>\n<p><a href=\"http:\/\/www.otsh.mai.gov.pt\/\">Observat\u00f3rio do Tr\u00e1fico de Seres Humanos<\/a><\/p>\n<p><strong>P<\/strong><\/p>\n<p><a href=\"https:\/\/www.psp.pt\/Pages\/homePage.aspx\">Pol\u00edcia de Seguran\u00e7a P\u00fablica<\/a><br \/>\n<a href=\"http:\/\/www.ministeriopublico.pt\/\">Procuradoria-Geral da Rep\u00fablica<\/a><\/p>\n<p><strong>R<\/strong><\/p>\n<p><a href=\"http:\/\/www.e-migration.ro\/\">Research Centre on Identity and Migration Issues<\/a><\/p>\n<p><strong>S<\/strong><\/p>\n<p><a href=\"http:\/\/www.smmp.pt\/\">Sindicato dos Magistrados do Minist\u00e9rio P\u00fablico<\/a><br \/>\n<a href=\"https:\/\/www.tilburguniversity.edu\/nl\">Stichting Katholieke Universiteit Brabant Universiteit Van Tilburg<\/a><\/p>\n<p><strong>U<\/strong><\/p>\n<p><a href=\"http:\/\/www.uc3m.es\/Inicio\">Universidad Carlos III de Madrid<\/a><br \/>\n<a href=\"https:\/\/www.facebook.com\/pages\/category\/Education\/Universidade-P%C3%BAblica-da-Guin%C3%A9-Bissau-Amilcar-Cabral-UAC-750798648635835\/\">Universidade Am\u00edlcar Cabral<\/a><br \/>\n<a href=\"http:\/\/www.unicatt.it\/\">Universit\u00e0 Cattolica del Sacro Cuore<\/a><br \/>\n<a href=\"https:\/\/www.unifi.it\/\">Universita Degli Studi Di Firenze <\/a><br \/>\n<a href=\"https:\/\/ug.edu.pl\/\">Uniwersytet Gdanski<\/a><br \/>\n<a href=\"https:\/\/usz.edu.pl\/en\/english\/\">Uniwesytet Szczecinski<\/a><br \/>\n<a href=\"http:\/\/www.uu.nl\/faculty\/leg\/EN\/organisation\/schools\/schooloflaw\/Pages\/default.aspx\">Utrecht University School of Law<\/a><\/p>\n\r\n\t\t<\/div>\r\n\t<\/div>\r\n\n\t\t\t<\/div> \n\t\t<\/div>\n\t<\/div> \n<\/div><\/div>","protected":false},"excerpt":{"rendered":"PARCERIAS O OPJ d\u00e1 especial aten\u00e7\u00e3o \u00e0 cria\u00e7\u00e3o de parcerias, quer com institui\u00e7\u00f5es nacionais, quer internacionais, com vista a desenvolver a partilha de saberes e de experi\u00eancias e a\u00e7\u00f5es conjuntas...","protected":false},"author":1,"featured_media":0,"parent":0,"menu_order":0,"comment_status":"closed","ping_status":"closed","template":"","meta":{"footnotes":""},"class_list":["post-182","page","type-page","status-publish"],"_links":{"self":[{"href":"https:\/\/opj.ces.uc.pt\/en\/wp-json\/wp\/v2\/pages\/182","targetHints":{"allow":["GET"]}}],"collection":[{"href":"https:\/\/opj.ces.uc.pt\/en\/wp-json\/wp\/v2\/pages"}],"about":[{"href":"https:\/\/opj.ces.uc.pt\/en\/wp-json\/wp\/v2\/types\/page"}],"author":[{"embeddable":true,"href":"https:\/\/opj.ces.uc.pt\/en\/wp-json\/wp\/v2\/users\/1"}],"replies":[{"embeddable":true,"href":"https:\/\/opj.ces.uc.pt\/en\/wp-json\/wp\/v2\/comments?post=182"}],"version-history":[{"count":26,"href":"https:\/\/opj.ces.uc.pt\/en\/wp-json\/wp\/v2\/pages\/182\/revisions"}],"predecessor-version":[{"id":1963,"href":"https:\/\/opj.ces.uc.pt\/en\/wp-json\/wp\/v2\/pages\/182\/revisions\/1963"}],"wp:attachment":[{"href":"https:\/\/opj.ces.uc.pt\/en\/wp-json\/wp\/v2\/media?parent=182"}],"curies":[{"name":"wp","href":"https:\/\/api.w.org\/{rel}","templated":true}]}}