{"id":2110,"date":"2020-10-29T15:32:04","date_gmt":"2020-10-29T15:32:04","guid":{"rendered":"https:\/\/opj.ces.uc.pt\/?page_id=2110"},"modified":"2021-12-04T17:16:29","modified_gmt":"2021-12-04T17:16:29","slug":"atividades-no-ambito-do-paced","status":"publish","type":"page","link":"https:\/\/opj.ces.uc.pt\/en\/atividades-no-ambito-do-paced\/","title":{"rendered":"PACED ACTIVITIES"},"content":{"rendered":"<div id=\"fws_6a041a8e351ca\"  data-midnight=\"dark\" data-top-percent=\"3%\" data-bottom-percent=\"3%\"  data-bg-mobile-hidden=\"\" class=\"wpb_row vc_row-fluid vc_row top-level full-width-section standard_section\"  style=\"padding-top: calc(100vw * 0.03); padding-bottom: calc(100vw * 0.03); \"><div class=\"row-bg-wrap\" data-bg-animation=\"none\"><div class=\"inner-wrap\"><div class=\"row-bg\"  style=\"\"><\/div><\/div><div class=\"row-bg-overlay\" ><\/div><\/div><div class=\"col span_12 dark left\">\n\t<div  class=\"vc_col-sm-12 wpb_column column_container vc_column_container col no-extra-padding\"  data-t-w-inherits=\"default\" data-border-radius=\"none\" data-shadow=\"none\" data-border-animation=\"\" data-border-animation-delay=\"\" data-border-width=\"none\" data-border-style=\"solid\" data-border-color=\"\" data-bg-cover=\"\" data-padding-pos=\"all\" data-has-bg-color=\"false\" data-bg-color=\"\" data-bg-opacity=\"1\" data-hover-bg=\"\" data-hover-bg-opacity=\"1\" data-animation=\"\" data-delay=\"0\"><div class=\"column-bg-overlay\"><\/div>\n\t\t<div class=\"vc_column-inner\">\n\t\t\t<div class=\"wpb_wrapper\">\n\t\t\t\t\r\n\t<div class=\"wpb_text_column wpb_content_element  vc_custom_1606489942932\" >\r\n\t\t<div class=\"wpb_wrapper\">\r\n\t\t\t<h3 style=\"text-align: left;\"><span style=\"color: #ffffff;\">PACED ACTIVITIES<\/span><\/h3>\n\r\n\t\t<\/div>\r\n\t<\/div>\r\n<div class=\"divider-wrap\" data-alignment=\"default\"><div style=\"height: 50px;\" class=\"divider\"><\/div><\/div>\n\t\t\t<\/div> \n\t\t<\/div>\n\t<\/div> \n<\/div><\/div>\n\t\t<div id=\"fws_6a041a8e35b20\"  data-midnight=\"dark\"  data-bg-mobile-hidden=\"\" class=\"wpb_row vc_row-fluid vc_row standard_section\"  style=\"padding-top: 0px; padding-bottom: 0px; \"><div class=\"row-bg-wrap\" data-bg-animation=\"none\"><div class=\"inner-wrap\"><div class=\"row-bg\"  style=\"\"><\/div><\/div><div class=\"row-bg-overlay\" ><\/div><\/div><div class=\"col span_12 dark left\">\n\t<div  class=\"vc_col-sm-8 wpb_column column_container vc_column_container col no-extra-padding\"  data-t-w-inherits=\"default\" data-border-radius=\"none\" data-shadow=\"none\" data-border-animation=\"\" data-border-animation-delay=\"\" data-border-width=\"none\" data-border-style=\"solid\" data-border-color=\"\" data-bg-cover=\"\" data-padding-pos=\"all\" data-has-bg-color=\"false\" data-bg-color=\"\" data-bg-opacity=\"1\" data-hover-bg=\"\" data-hover-bg-opacity=\"1\" data-animation=\"\" data-delay=\"0\"><div class=\"column-bg-overlay\"><\/div>\n\t\t<div class=\"vc_column-inner\">\n\t\t\t<div class=\"wpb_wrapper\">\n\t\t\t\t\r\n    \t<div id=\"fws_6a041a8e35ff1\" data-midnight=\"\" data-column-margin=\"default\" data-bg-mobile-hidden=\"\" class=\"wpb_row vc_row-fluid vc_row inner_row standard_section\"  style=\"padding-top: 0px; padding-bottom: 0px; \"><div class=\"row-bg-wrap\"> <div class=\"row-bg\"  style=\"\"><\/div> <\/div><div class=\"col span_12  left\">\n\t<div  class=\"vc_col-sm-4 wpb_column column_container vc_column_container col no-extra-padding\"   data-t-w-inherits=\"default\" data-shadow=\"none\" data-border-radius=\"none\" data-border-animation=\"\" data-border-animation-delay=\"\" data-border-width=\"none\" data-border-style=\"solid\" data-border-color=\"\" data-bg-cover=\"\" data-padding-pos=\"all\" data-has-bg-color=\"false\" data-bg-color=\"\" data-bg-opacity=\"1\" data-hover-bg=\"\" data-hover-bg-opacity=\"1\" data-animation=\"\" data-delay=\"0\"><div class=\"column-bg-overlay\"><\/div>\n\t\t<div class=\"vc_column-inner\">\n\t\t<div class=\"wpb_wrapper\">\n\t\t\t<a class=\"nectar-button small see-through accent-color has-icon\" style=\"border-color: #581634; color: #581634;\" target=\"_blank\" href=\"https:\/\/opj.ces.uc.pt\/wp-content\/uploads\/2020\/11\/publicacao_paced.pdf\" data-color-override=\"#581634\" data-hover-color-override=\"false\" data-hover-text-color-override=\"#fff\"><span>REPORT<\/span><i  class=\"fa fa-file-pdf-o\"><\/i><\/a>\n\t\t<\/div> \n\t<\/div>\n\t<\/div> \n\n\t<div  class=\"vc_col-sm-4 wpb_column column_container vc_column_container col no-extra-padding\"   data-t-w-inherits=\"default\" data-shadow=\"none\" data-border-radius=\"none\" data-border-animation=\"\" data-border-animation-delay=\"\" data-border-width=\"none\" data-border-style=\"solid\" data-border-color=\"\" data-bg-cover=\"\" data-padding-pos=\"all\" data-has-bg-color=\"false\" data-bg-color=\"\" data-bg-opacity=\"1\" data-hover-bg=\"\" data-hover-bg-opacity=\"1\" data-animation=\"\" data-delay=\"0\"><div class=\"column-bg-overlay\"><\/div>\n\t\t<div class=\"vc_column-inner\">\n\t\t<div class=\"wpb_wrapper\">\n\t\t\t<a class=\"nectar-button small see-through accent-color has-icon\" style=\"border-color: #581634; color: #581634;\" target=\"_blank\" href=\"https:\/\/ces.uc.pt\/pt\/investigacao\/projetos-de-investigacao\/projetos-financiados\/encontros-de-conhecimento-e-de-partilha-de\" data-color-override=\"#581634\" data-hover-color-override=\"false\" data-hover-text-color-override=\"#fff\"><span>Presentation<\/span><i  class=\"fa fa-files-o\"><\/i><\/a>\n\t\t<\/div> \n\t<\/div>\n\t<\/div> \n\n\t<div  class=\"vc_col-sm-4 wpb_column column_container vc_column_container col no-extra-padding\"   data-t-w-inherits=\"default\" data-shadow=\"none\" data-border-radius=\"none\" data-border-animation=\"\" data-border-animation-delay=\"\" data-border-width=\"none\" data-border-style=\"solid\" data-border-color=\"\" data-bg-cover=\"\" data-padding-pos=\"all\" data-has-bg-color=\"false\" data-bg-color=\"\" data-bg-opacity=\"1\" data-hover-bg=\"\" data-hover-bg-opacity=\"1\" data-animation=\"\" data-delay=\"0\"><div class=\"column-bg-overlay\"><\/div>\n\t\t<div class=\"vc_column-inner\">\n\t\t<div class=\"wpb_wrapper\">\n\t\t\t\n\t\t<\/div> \n\t<\/div>\n\t<\/div> \n<\/div><\/div>\n\t\t\t<\/div> \n\t\t<\/div>\n\t<\/div> \n\n\t<div  class=\"vc_col-sm-4 wpb_column column_container vc_column_container col no-extra-padding\"  data-t-w-inherits=\"default\" data-border-radius=\"none\" data-shadow=\"none\" data-border-animation=\"\" data-border-animation-delay=\"\" data-border-width=\"none\" data-border-style=\"solid\" data-border-color=\"\" data-bg-cover=\"\" data-padding-pos=\"all\" data-has-bg-color=\"false\" data-bg-color=\"\" data-bg-opacity=\"1\" data-hover-bg=\"\" data-hover-bg-opacity=\"1\" data-animation=\"\" data-delay=\"0\"><div class=\"column-bg-overlay\"><\/div>\n\t\t<div class=\"vc_column-inner\">\n\t\t\t<div class=\"wpb_wrapper\">\n\t\t\t\t\n\t\t\t<\/div> \n\t\t<\/div>\n\t<\/div> \n<\/div><\/div>\n\t\t<div id=\"fws_6a041a8e36463\"  data-midnight=\"dark\"  data-bg-mobile-hidden=\"\" class=\"wpb_row vc_row-fluid vc_row standard_section\"  style=\"padding-top: 0px; padding-bottom: 0px; \"><div class=\"row-bg-wrap\" data-bg-animation=\"none\"><div class=\"inner-wrap\"><div class=\"row-bg\"  style=\"\"><\/div><\/div><div class=\"row-bg-overlay\" ><\/div><\/div><div class=\"col span_12 dark left\">\n\t<div  class=\"vc_col-sm-12 wpb_column column_container vc_column_container col no-extra-padding\"  data-t-w-inherits=\"default\" data-border-radius=\"none\" data-shadow=\"none\" data-border-animation=\"\" data-border-animation-delay=\"\" data-border-width=\"none\" data-border-style=\"solid\" data-border-color=\"\" data-bg-cover=\"\" data-padding-pos=\"all\" data-has-bg-color=\"false\" data-bg-color=\"\" data-bg-opacity=\"1\" data-hover-bg=\"\" data-hover-bg-opacity=\"1\" data-animation=\"\" data-delay=\"0\"><div class=\"column-bg-overlay\"><\/div>\n\t\t<div class=\"vc_column-inner\">\n\t\t\t<div class=\"wpb_wrapper\">\n\t\t\t\t\r\n    \t<div id=\"fws_6a041a8e365f5\" data-midnight=\"\" data-column-margin=\"default\" data-bg-mobile-hidden=\"\" class=\"wpb_row vc_row-fluid vc_row inner_row standard_section\"  style=\"padding-top: 0px; padding-bottom: 0px; \"><div class=\"row-bg-wrap\"> <div class=\"row-bg\"  style=\"\"><\/div> <\/div><div class=\"col span_12  left\">\n\t<div  class=\"vc_col-sm-12 wpb_column column_container vc_column_container col no-extra-padding\"   data-t-w-inherits=\"default\" data-shadow=\"none\" data-border-radius=\"none\" data-border-animation=\"\" data-border-animation-delay=\"\" data-border-width=\"none\" data-border-style=\"solid\" data-border-color=\"\" data-bg-cover=\"\" data-padding-pos=\"all\" data-has-bg-color=\"false\" data-bg-color=\"\" data-bg-opacity=\"1\" data-hover-bg=\"\" data-hover-bg-opacity=\"1\" data-animation=\"\" data-delay=\"0\"><div class=\"column-bg-overlay\"><\/div>\n\t\t<div class=\"vc_column-inner\">\n\t\t<div class=\"wpb_wrapper\">\n\t\t\t<div class=\"divider-wrap\" data-alignment=\"default\"><div style=\"margin-top: 0px; height: 1px; margin-bottom: 0px;\" data-width=\"100%\" data-animate=\"\" data-animation-delay=\"\" data-color=\"default\" class=\"divider-border\"><\/div><\/div>\r\n\t<div class=\"wpb_text_column wpb_content_element  vc_custom_1603994481150\" >\r\n\t\t<div class=\"wpb_wrapper\">\r\n\t\t\t<h5><strong>Meetings to exchange knowledge and share experience\/good practices on preventing and fighting corruption, money laundering and organised crime<\/strong><\/h5>\n\r\n\t\t<\/div>\r\n\t<\/div>\r\n<div class=\"divider-wrap\" data-alignment=\"default\"><div style=\"margin-top: 0px; height: 1px; margin-bottom: 0px;\" data-width=\"100%\" data-animate=\"\" data-animation-delay=\"\" data-color=\"default\" class=\"divider-border\"><\/div><\/div>\r\n\t<div class=\"wpb_text_column wpb_content_element  vc_custom_1638637118385\" >\r\n\t\t<div class=\"wpb_wrapper\">\r\n\t\t\t<p style=\"padding-left: 40px;\"><a href=\"https:\/\/opj.ces.uc.pt\/en\/ii-encontro-angola-6-e-7-de-outubro-2021-online\/\"><b>II Encontro \u2013 Angola<\/b>, 6 e 7 de outubro 2021 (online)<\/a><\/p>\n<p style=\"padding-left: 40px;\"><a href=\"https:\/\/opj.ces.uc.pt\/en\/ii-encontro-sao-tome-e-principe-22-e-24-de-junho-2021-online\/\"><b>II Encontro \u2013 S\u00e3o Tom\u00e9 e Pr\u00edncipe<\/b>, 22 e 24 de junho 2021 (online)<\/a><\/p>\n<p style=\"padding-left: 40px;\"><a href=\"https:\/\/opj.ces.uc.pt\/en\/ii-encontro-cabo-verde-14-15-e-18-de-dezembro-2020-online\/\"><strong>II Encontro \u2013 Cabo Verde<\/strong>, 14, 15 e 18 de dezembro 2020 (online)<\/a><\/p>\n<p style=\"padding-left: 40px;\"><a href=\"https:\/\/opj.ces.uc.pt\/en\/ii-encontro-de-conhecimento-partilha-de-experiencias-e-boas-praticas-moz\/\"><strong>II Meeting \u2013 Mozambique<\/strong>, 7, 9 and 14 October 2020 (online)<\/a><\/p>\n<p style=\"padding-left: 40px;\"><a href=\"https:\/\/opj.ces.uc.pt\/en\/ii-encontro-de-conhecimento-partilha-de-experiencias-e-boas-praticas-guin\/\"><strong>II Meeting \u2013 Guinea-Bissau <\/strong>, 12 February 2020<\/a><\/p>\n<p style=\"padding-left: 40px;\"><a href=\"https:\/\/opj.ces.uc.pt\/en\/i-encontro-angola-23-de-maio-2019\/\"><strong>I Meeting \u2013 Angola <\/strong>, 23 May 2019<\/a><\/p>\n<p style=\"padding-left: 40px;\"><a href=\"https:\/\/opj.ces.uc.pt\/en\/i-encontro-cabo-verde-31-de-janeiro-2019\/\"><strong>I Meeting \u2013 Cape Verde<\/strong>, 31 January 2019<\/a><\/p>\n<p style=\"padding-left: 40px;\"><a href=\"https:\/\/opj.ces.uc.pt\/en\/i-encontro-sao-tome-e-principe-13-de-dezembro-2018\/\"><strong>I Meeting \u2013 S\u00e3o Tom\u00e9 and Pr\u00edncipe<\/strong>, 13 December 2018<\/a><\/p>\n<p style=\"padding-left: 40px;\"><a href=\"https:\/\/opj.ces.uc.pt\/en\/i-encontro-guine-bissau-25-de-outubro-2018\/\"><strong>I Meeting \u2013 Guinea-Bissau<\/strong>, 25 October  2018<\/a><\/p>\n<p style=\"padding-left: 40px;\"><a href=\"https:\/\/opj.ces.uc.pt\/en\/i-encontro-mocambique-26-de-setembro-2018\/\"><strong>I Meeting \u2013 Mozambique<\/strong>, 26 September 2018<\/a><\/p>\n<p style=\"padding-left: 40px;\"><a href=\"https:\/\/opj.ces.uc.pt\/en\/i-encontro-timor-leste-8-de-marco-2018\/\"><strong>I Meeting \u2013 East Timor<\/strong>, 8 March 2018<\/a><\/p>\n\r\n\t\t<\/div>\r\n\t<\/div>\r\n<div class=\"divider-wrap\" data-alignment=\"default\"><div style=\"height: 25px;\" class=\"divider\"><\/div><\/div><div class=\"divider-wrap\" data-alignment=\"default\"><div style=\"margin-top: 0px; height: 1px; margin-bottom: 0px;\" data-width=\"100%\" data-animate=\"\" data-animation-delay=\"\" data-color=\"default\" class=\"divider-border\"><\/div><\/div>\r\n\t<div class=\"wpb_text_column wpb_content_element  vc_custom_1603994499735\" >\r\n\t\t<div class=\"wpb_wrapper\">\r\n\t\t\t<h5><strong>Seminar \u201cInternational Cooperation, Governance and the Rule of Law\u201d<\/strong><\/h5>\n\r\n\t\t<\/div>\r\n\t<\/div>\r\n<div class=\"divider-wrap\" data-alignment=\"default\"><div style=\"margin-top: 0px; height: 1px; margin-bottom: 0px;\" data-width=\"100%\" data-animate=\"\" data-animation-delay=\"\" data-color=\"default\" class=\"divider-border\"><\/div><\/div>\r\n\t<div class=\"wpb_text_column wpb_content_element  vc_custom_1638638173324\" >\r\n\t\t<div class=\"wpb_wrapper\">\r\n\t\t\t<p style=\"padding-left: 40px;\"><a href=\"https:\/\/opj.ces.uc.pt\/en\/2021\/10\/13\/seminario-cooperacao-internacional-governacao-e-estado-de-direito-20-e-21-outubro\/\">Semin\u00e1rio \u2013 <strong>Angola<\/strong>, 20 e 21 de outubro 2021 (online)<\/a><\/p>\n<p style=\"padding-left: 40px;\"><b> <\/b><a href=\"https:\/\/opj.ces.uc.pt\/en\/2021\/12\/04\/seminario-sao-tome-e-principe-7-e-8-de-julho-2021-online\/\">Semin\u00e1rio &#8211; <strong>S\u00e3o Tom\u00e9 e Pr\u00edncipe<\/strong>, 7 e 8 de julho 2021 (online)<\/a><\/p>\n<p style=\"padding-left: 40px;\"><a href=\"https:\/\/opj.ces.uc.pt\/en\/seminario-cooperacao-internacional-governacao-e-estado-de-direito\/\">Semin\u00e1rio \u2013 <strong>Cabo Verde<\/strong>, 23 e 24 de mar\u00e7o 2021 (online)<\/a><\/p>\n<p style=\"padding-left: 40px;\"><a href=\"https:\/\/opj.ces.uc.pt\/en\/seminario-cooperacao-internacional-governacao-e-estado-de-direito-online-mocambique\/\">Seminar<strong>\u00a0- Mozambique <\/strong>20, 21 e 22 de outubro 2020 (online)<\/a><\/p>\n<p style=\"padding-left: 40px;\"><a href=\"https:\/\/opj.ces.uc.pt\/en\/seminario-cooperacao-internacional-governacao-e-estado-de-direito-guine-bissau\/\">Seminar<strong>\u00a0- Guinea-Bissau <\/strong>, 13 February<\/a><\/p>\n\r\n\t\t<\/div>\r\n\t<\/div>\r\n\n\t\t<\/div> \n\t<\/div>\n\t<\/div> \n<\/div><\/div>\n\t\t\t<\/div> \n\t\t<\/div>\n\t<\/div> \n<\/div><\/div>","protected":false},"excerpt":{"rendered":"ATIVIDADES NO \u00c2MBITO DO PACED RELAT\u00d3RIO S\u00cdNTESE Apresenta\u00e7\u00e3o Encontros de Conhecimento, Partilha de Experi\u00eancias e Boas Pr\u00e1ticas: Prevenir e lutar eficazmente contra a corrup\u00e7\u00e3o, branqueamento de capitais e crime organizado...","protected":false},"author":1,"featured_media":0,"parent":0,"menu_order":0,"comment_status":"closed","ping_status":"closed","template":"","meta":{"footnotes":""},"class_list":["post-2110","page","type-page","status-publish"],"_links":{"self":[{"href":"https:\/\/opj.ces.uc.pt\/en\/wp-json\/wp\/v2\/pages\/2110","targetHints":{"allow":["GET"]}}],"collection":[{"href":"https:\/\/opj.ces.uc.pt\/en\/wp-json\/wp\/v2\/pages"}],"about":[{"href":"https:\/\/opj.ces.uc.pt\/en\/wp-json\/wp\/v2\/types\/page"}],"author":[{"embeddable":true,"href":"https:\/\/opj.ces.uc.pt\/en\/wp-json\/wp\/v2\/users\/1"}],"replies":[{"embeddable":true,"href":"https:\/\/opj.ces.uc.pt\/en\/wp-json\/wp\/v2\/comments?post=2110"}],"version-history":[{"count":58,"href":"https:\/\/opj.ces.uc.pt\/en\/wp-json\/wp\/v2\/pages\/2110\/revisions"}],"predecessor-version":[{"id":3340,"href":"https:\/\/opj.ces.uc.pt\/en\/wp-json\/wp\/v2\/pages\/2110\/revisions\/3340"}],"wp:attachment":[{"href":"https:\/\/opj.ces.uc.pt\/en\/wp-json\/wp\/v2\/media?parent=2110"}],"curies":[{"name":"wp","href":"https:\/\/api.w.org\/{rel}","templated":true}]}}