{"id":2362,"date":"2020-11-27T15:55:24","date_gmt":"2020-11-27T15:55:24","guid":{"rendered":"https:\/\/opj.ces.uc.pt\/?page_id=2362"},"modified":"2021-04-28T10:29:26","modified_gmt":"2021-04-28T10:29:26","slug":"estudo-avaliativo-sobre-o-impacto-das-medidas-aplicadas-a-pessoas-agressoras","status":"publish","type":"page","link":"https:\/\/opj.ces.uc.pt\/en\/estudo-avaliativo-sobre-o-impacto-das-medidas-aplicadas-a-pessoas-agressoras\/","title":{"rendered":"Evaluation study of the impact of the measures applied to aggressors"},"content":{"rendered":"<div id=\"fws_69f28202f0c88\"  data-midnight=\"dark\" data-top-percent=\"3%\" data-bottom-percent=\"3%\"  data-bg-mobile-hidden=\"\" class=\"wpb_row vc_row-fluid vc_row top-level full-width-section standard_section\"  style=\"padding-top: calc(100vw * 0.03); padding-bottom: calc(100vw * 0.03); \"><div class=\"row-bg-wrap\" data-bg-animation=\"none\"><div class=\"inner-wrap\"><div class=\"row-bg\"  style=\"\"><\/div><\/div><div class=\"row-bg-overlay\" ><\/div><\/div><div class=\"col span_12 dark left\">\n\t<div  class=\"vc_col-sm-12 wpb_column column_container vc_column_container col no-extra-padding\"  data-t-w-inherits=\"default\" data-border-radius=\"none\" data-shadow=\"none\" data-border-animation=\"\" data-border-animation-delay=\"\" data-border-width=\"none\" data-border-style=\"solid\" data-border-color=\"\" data-bg-cover=\"\" data-padding-pos=\"all\" data-has-bg-color=\"false\" data-bg-color=\"\" data-bg-opacity=\"1\" data-hover-bg=\"\" data-hover-bg-opacity=\"1\" data-animation=\"\" data-delay=\"0\"><div class=\"column-bg-overlay\"><\/div>\n\t\t<div class=\"vc_column-inner\">\n\t\t\t<div class=\"wpb_wrapper\">\n\t\t\t\t\r\n\t<div class=\"wpb_text_column wpb_content_element  vc_custom_1606492421597\" >\r\n\t\t<div class=\"wpb_wrapper\">\r\n\t\t\t<h3 style=\"text-align: left;\"><span style=\"color: #ffffff;\">EVALUATION OF THE IMPACT OF MEASURES APPLIED TO AGGRESSORS<\/span><\/h3>\n\r\n\t\t<\/div>\r\n\t<\/div>\r\n\r\n    \t<div id=\"fws_69f28202f15c9\" data-midnight=\"\" data-column-margin=\"default\" data-bg-mobile-hidden=\"\" class=\"wpb_row vc_row-fluid vc_row inner_row standard_section\"  style=\"padding-top: 0px; padding-bottom: 0px; \"><div class=\"row-bg-wrap\"> <div class=\"row-bg\"  style=\"\"><\/div> <\/div><div class=\"col span_12  left\">\n\t<div style=\"margin-top: 3%; \" class=\"vc_col-sm-12 wpb_column column_container vc_column_container col no-extra-padding\"   data-t-w-inherits=\"default\" data-shadow=\"none\" data-border-radius=\"none\" data-border-animation=\"\" data-border-animation-delay=\"\" data-border-width=\"none\" data-border-style=\"solid\" data-border-color=\"\" data-bg-cover=\"\" data-padding-pos=\"all\" data-has-bg-color=\"false\" data-bg-color=\"\" data-bg-opacity=\"1\" data-hover-bg=\"\" data-hover-bg-opacity=\"1\" data-animation=\"\" data-delay=\"0\"><div class=\"column-bg-overlay\"><\/div>\n\t\t<div class=\"vc_column-inner\">\n\t\t<div class=\"wpb_wrapper\">\n\t\t\t\r\n\t<div class=\"wpb_text_column wpb_content_element\" >\r\n\t\t<div class=\"wpb_wrapper\">\r\n\t\t\t<a class=\"nectar-button small see-through accent-color has-icon\" style=\"border-color: #581634; color: #581634;\" target=\"_blank\" href=\"https:\/\/imapa.ces.uc.pt\/\" data-color-override=\"#581634\" data-hover-color-override=\"false\" data-hover-text-color-override=\"#fff\"><span>Website<\/span><i  class=\"fa-clone\"><\/i><\/a>\n\r\n\t\t<\/div>\r\n\t<\/div>\r\n\n\t\t<\/div> \n\t<\/div>\n\t<\/div> \n<\/div><\/div>\n\t\t\t<\/div> \n\t\t<\/div>\n\t<\/div> \n<\/div><\/div>\n\t\t<div id=\"fws_69f28202f1ba9\"  data-midnight=\"dark\"  data-bg-mobile-hidden=\"\" class=\"wpb_row vc_row-fluid vc_row standard_section\"  style=\"padding-top: 0px; padding-bottom: 0px; \"><div class=\"row-bg-wrap\" data-bg-animation=\"none\"><div class=\"inner-wrap\"><div class=\"row-bg\"  style=\"\"><\/div><\/div><div class=\"row-bg-overlay\" ><\/div><\/div><div class=\"col span_12 dark left\">\n\t<div  class=\"vc_col-sm-12 wpb_column column_container vc_column_container col no-extra-padding\"  data-t-w-inherits=\"default\" data-border-radius=\"none\" data-shadow=\"none\" data-border-animation=\"\" data-border-animation-delay=\"\" data-border-width=\"none\" data-border-style=\"solid\" data-border-color=\"\" data-bg-cover=\"\" data-padding-pos=\"all\" data-has-bg-color=\"false\" data-bg-color=\"\" data-bg-opacity=\"1\" data-hover-bg=\"\" data-hover-bg-opacity=\"1\" data-animation=\"\" data-delay=\"0\"><div class=\"column-bg-overlay\"><\/div>\n\t\t<div class=\"vc_column-inner\">\n\t\t\t<div class=\"wpb_wrapper\">\n\t\t\t\t\r\n    \t<div id=\"fws_69f28202f1e6d\" data-midnight=\"\" data-column-margin=\"default\" data-bg-mobile-hidden=\"\" class=\"wpb_row vc_row-fluid vc_row inner_row standard_section\"  style=\"padding-top: 0px; padding-bottom: 0px; \"><div class=\"row-bg-wrap\"> <div class=\"row-bg\"  style=\"\"><\/div> <\/div><div class=\"col span_12  left\">\n\t<div  class=\"vc_col-sm-12 wpb_column column_container vc_column_container col no-extra-padding\"   data-t-w-inherits=\"default\" data-shadow=\"none\" data-border-radius=\"none\" data-border-animation=\"\" data-border-animation-delay=\"\" data-border-width=\"none\" data-border-style=\"solid\" data-border-color=\"\" data-bg-cover=\"\" data-padding-pos=\"all\" data-has-bg-color=\"false\" data-bg-color=\"\" data-bg-opacity=\"1\" data-hover-bg=\"\" data-hover-bg-opacity=\"1\" data-animation=\"\" data-delay=\"0\"><div class=\"column-bg-overlay\"><\/div>\n\t\t<div class=\"vc_column-inner\">\n\t\t<div class=\"wpb_wrapper\">\n\t\t\t\r\n\t<div class=\"wpb_text_column wpb_content_element  vc_custom_1606492439973\" >\r\n\t\t<div class=\"wpb_wrapper\">\r\n\t\t\t<p><strong>Duration: <\/strong><\/p>\n<p>September 2020 to September 2021<\/p>\n\r\n\t\t<\/div>\r\n\t<\/div>\r\n<div class=\"divider-wrap\" data-alignment=\"default\"><div style=\"margin-top: 0px; height: 1px; margin-bottom: 0px;\" data-width=\"100%\" data-animate=\"\" data-animation-delay=\"\" data-color=\"default\" class=\"divider-border\"><\/div><\/div>\r\n\t<div class=\"wpb_text_column wpb_content_element  vc_custom_1606492455656\" >\r\n\t\t<div class=\"wpb_wrapper\">\r\n\t\t\t<p><strong>Abstract:<\/strong><\/p>\n<p>This study has three main objectives: to ascertain the impact of measures applied to the perpetrators, to reflect on the situation in Portugal in relation to the solutions adopted by other EU countries, and to produce recommendations promoting public policies to prevent domestic and gender-based violence. Combining the use of extensive and intensive research methods, the study will provide a robust diagnosis of the situation in Portugal, critically comparing it with comparative experience, and will draw up recommendations to prevent and combat violence against women and domestic violence, duly contextualised in national policies and international commitments. The project is organised along four axes: a reflective systematisation of existing knowledge; a systematisation and critical analysis of comparative experience; an empirical evaluation of the impact of measures applied to aggressors and of existing mechanisms within the justice system; and dissemination of knowledge and recommendations.<br \/>\nThe partners in this study are national and international institutions with relevant expertise in the issues under analysis: the Superior Council of the Judiciary, the Directorate General for Social Reintegration and Prison Services, the Attorney General's Office, the Public Security Police and the Norwegian Centre for Violence and Traumatic Stress Studies.<\/p>\n\r\n\t\t<\/div>\r\n\t<\/div>\r\n<div class=\"divider-wrap\" data-alignment=\"default\"><div style=\"margin-top: 0px; height: 1px; margin-bottom: 0px;\" data-width=\"100%\" data-animate=\"\" data-animation-delay=\"\" data-color=\"default\" class=\"divider-border\"><\/div><\/div>\r\n\t<div class=\"wpb_text_column wpb_content_element  vc_custom_1606652390568\" >\r\n\t\t<div class=\"wpb_wrapper\">\r\n\t\t\t<p><strong>Researchers:<\/strong><\/p>\n<p><a href=\"https:\/\/ces.uc.pt\/pt\/ces\/pessoas\/investigadoras-es\/boaventura-de-sousa-santos\">Boaventura de Sousa Santos<\/a> (coord.)<\/p>\n<p><a href=\"https:\/\/ces.uc.pt\/pt\/ces\/pessoas\/investigadoras-es\/carlos-nolasco\">Carlos Nolasco<\/a><\/p>\n<p>Carolina Carvalho<\/p>\n<p><a href=\"https:\/\/ces.uc.pt\/pt\/ces\/pessoas\/investigadoras-es\/conceicao-gomes\">Concei\u00e7\u00e3o Gomes<\/a> (co-coord.)<\/p>\n<p>Gustavo Veiga<\/p>\n<p><a href=\"https:\/\/ces.uc.pt\/pt\/ces\/pessoas\/investigadoras-es\/jose-manuel-mendes\">Jos\u00e9 Manuel Mendes<\/a><\/p>\n<p><a href=\"https:\/\/ces.uc.pt\/pt\/ces\/pessoas\/investigadoras-es\/madalena-duarte\">Madalena Duarte<\/a><\/p>\n<p><a href=\"https:\/\/ces.uc.pt\/pt\/ces\/pessoas\/investigadoras-es\/marina-henriques\">Marina Henriques<\/a><\/p>\n<p><a href=\"https:\/\/ces.uc.pt\/pt\/ces\/pessoas\/investigadoras-es\/paula-fernando\">Paula Fernando<\/a><\/p>\n\r\n\t\t<\/div>\r\n\t<\/div>\r\n<div class=\"divider-wrap\" data-alignment=\"default\"><div style=\"height: 25px;\" class=\"divider\"><\/div><\/div><div class=\"divider-wrap\" data-alignment=\"default\"><div style=\"margin-top: 0px; height: 1px; margin-bottom: 0px;\" data-width=\"100%\" data-animate=\"\" data-animation-delay=\"\" data-color=\"default\" class=\"divider-border\"><\/div><\/div>\r\n\t<div class=\"wpb_text_column wpb_content_element  vc_custom_1606492522089\" >\r\n\t\t<div class=\"wpb_wrapper\">\r\n\t\t\t<p><strong>Funding: <\/strong><\/p>\n<p>Programa Concilia\u00e7\u00e3o e Igualdade de G\u00e9nero &#8211; EEA Grants 2014-2021<\/p>\n\r\n\t\t<\/div>\r\n\t<\/div>\r\n<div class=\"divider-wrap\" data-alignment=\"default\"><div style=\"height: 25px;\" class=\"divider\"><\/div><\/div><div class=\"divider-wrap\" data-alignment=\"default\"><div style=\"margin-top: 0px; height: 1px; margin-bottom: 0px;\" data-width=\"100%\" data-animate=\"\" data-animation-delay=\"\" data-color=\"default\" class=\"divider-border\"><\/div><\/div>\r\n\t<div class=\"wpb_text_column wpb_content_element  vc_custom_1606492586628\" >\r\n\t\t<div class=\"wpb_wrapper\">\r\n\t\t\t<p><strong>Programme Operator: <\/strong><\/p>\n<p>Comiss\u00e3o para a Cidadania e a Igualdade de G\u00e9nero (CIG)<\/p>\n\r\n\t\t<\/div>\r\n\t<\/div>\r\n\n\t\t<\/div> \n\t<\/div>\n\t<\/div> \n<\/div><\/div>\n\t\t\t<\/div> \n\t\t<\/div>\n\t<\/div> \n<\/div><\/div>","protected":false},"excerpt":{"rendered":"ESTUDO AVALIATIVO SOBRE O IMPACTO DAS MEDIDAS APLICADAS A PESSOAS AGRESSORAS Website Dura\u00e7\u00e3o: setembro 2020 a setembro 2021 Resumo: Este estudo tem tr\u00eas objetivos principais: conhecer o impacto de medidas...","protected":false},"author":1,"featured_media":0,"parent":0,"menu_order":0,"comment_status":"closed","ping_status":"closed","template":"","meta":{"footnotes":""},"class_list":["post-2362","page","type-page","status-publish"],"_links":{"self":[{"href":"https:\/\/opj.ces.uc.pt\/en\/wp-json\/wp\/v2\/pages\/2362","targetHints":{"allow":["GET"]}}],"collection":[{"href":"https:\/\/opj.ces.uc.pt\/en\/wp-json\/wp\/v2\/pages"}],"about":[{"href":"https:\/\/opj.ces.uc.pt\/en\/wp-json\/wp\/v2\/types\/page"}],"author":[{"embeddable":true,"href":"https:\/\/opj.ces.uc.pt\/en\/wp-json\/wp\/v2\/users\/1"}],"replies":[{"embeddable":true,"href":"https:\/\/opj.ces.uc.pt\/en\/wp-json\/wp\/v2\/comments?post=2362"}],"version-history":[{"count":7,"href":"https:\/\/opj.ces.uc.pt\/en\/wp-json\/wp\/v2\/pages\/2362\/revisions"}],"predecessor-version":[{"id":2659,"href":"https:\/\/opj.ces.uc.pt\/en\/wp-json\/wp\/v2\/pages\/2362\/revisions\/2659"}],"wp:attachment":[{"href":"https:\/\/opj.ces.uc.pt\/en\/wp-json\/wp\/v2\/media?parent=2362"}],"curies":[{"name":"wp","href":"https:\/\/api.w.org\/{rel}","templated":true}]}}