{"id":2745,"date":"2021-06-06T08:15:13","date_gmt":"2021-06-06T08:15:13","guid":{"rendered":"https:\/\/opj.ces.uc.pt\/?page_id=2745"},"modified":"2021-06-18T09:27:46","modified_gmt":"2021-06-18T09:27:46","slug":"workshop-sobre-a-resposta-imediata-a-violencia-e-as-ordens-de-restricao-de-emergencia","status":"publish","type":"page","link":"https:\/\/opj.ces.uc.pt\/en\/workshop-sobre-a-resposta-imediata-a-violencia-e-as-ordens-de-restricao-de-emergencia\/","title":{"rendered":"Workshop on the immediate response to violence, and emergency barring and restraining orders"},"content":{"rendered":"<div id=\"fws_69f60ba578b28\"  data-midnight=\"dark\" data-top-percent=\"3%\"  data-bg-mobile-hidden=\"\" class=\"wpb_row vc_row-fluid vc_row top-level full-width-section standard_section\"  style=\"padding-top: calc(100vw * 0.03); padding-bottom: 0px; \"><div class=\"row-bg-wrap\" data-bg-animation=\"none\"><div class=\"inner-wrap\"><div class=\"row-bg\"  style=\"\"><\/div><\/div><div class=\"row-bg-overlay\" ><\/div><\/div><div class=\"col span_12 dark left\">\n\t<div  class=\"vc_col-sm-12 wpb_column column_container vc_column_container col no-extra-padding\"  data-t-w-inherits=\"default\" data-border-radius=\"none\" data-shadow=\"none\" data-border-animation=\"\" data-border-animation-delay=\"\" data-border-width=\"none\" data-border-style=\"solid\" data-border-color=\"\" data-bg-cover=\"\" data-padding-pos=\"all\" data-has-bg-color=\"false\" data-bg-color=\"\" data-bg-opacity=\"1\" data-hover-bg=\"\" data-hover-bg-opacity=\"1\" data-animation=\"\" data-delay=\"0\"><div class=\"column-bg-overlay\"><\/div>\n\t\t<div class=\"vc_column-inner\">\n\t\t\t<div class=\"wpb_wrapper\">\n\t\t\t\t\r\n\t<div class=\"wpb_text_column wpb_content_element  vc_custom_1624008464647\" >\r\n\t\t<div class=\"wpb_wrapper\">\r\n\t\t\t<h3 style=\"text-align: left;\"><span style=\"color: #ffffff;\">WORKSHOP SOBRE A RESPOSTA IMEDIATA \u00c0 VIOL\u00caNCIA E AS ORDENS DE RESTRI\u00c7\u00c3O DE EMERG\u00caNCIA<\/span><\/h3>\n\r\n\t\t<\/div>\r\n\t<\/div>\r\n<div class=\"divider-wrap\" data-alignment=\"default\"><div style=\"height: 50px;\" class=\"divider\"><\/div><\/div>\n\t\t\t<\/div> \n\t\t<\/div>\n\t<\/div> \n<\/div><\/div>\n\t\t<div id=\"fws_69f60ba579039\"  data-midnight=\"dark\"  data-bg-mobile-hidden=\"\" class=\"wpb_row vc_row-fluid vc_row standard_section\"  style=\"padding-top: 0px; padding-bottom: 0px; \"><div class=\"row-bg-wrap\" data-bg-animation=\"none\"><div class=\"inner-wrap\"><div class=\"row-bg\"  style=\"\"><\/div><\/div><div class=\"row-bg-overlay\" ><\/div><\/div><div class=\"col span_12 dark left\">\n\t<div  class=\"vc_col-sm-8 wpb_column column_container vc_column_container col no-extra-padding\"  data-t-w-inherits=\"default\" data-border-radius=\"none\" data-shadow=\"none\" data-border-animation=\"\" data-border-animation-delay=\"\" data-border-width=\"none\" data-border-style=\"solid\" data-border-color=\"\" data-bg-cover=\"\" data-padding-pos=\"all\" data-has-bg-color=\"false\" data-bg-color=\"\" data-bg-opacity=\"1\" data-hover-bg=\"\" data-hover-bg-opacity=\"1\" data-animation=\"\" data-delay=\"0\"><div class=\"column-bg-overlay\"><\/div>\n\t\t<div class=\"vc_column-inner\">\n\t\t\t<div class=\"wpb_wrapper\">\n\t\t\t\t<div class=\"img-with-aniamtion-wrap\" data-max-width=\"100%\" data-border-radius=\"none\"><div class=\"inner\"><img loading=\"lazy\" decoding=\"async\" data-shadow=\"none\" data-shadow-direction=\"middle\" class=\"img-with-animation skip-lazy\" data-delay=\"0\" height=\"787\" width=\"1500\"  data-animation=\"fade-in\" src=\"https:\/\/opj.ces.uc.pt\/wp-content\/uploads\/2021\/05\/Seminario_IMAPA.png\" srcset=\"https:\/\/opj.ces.uc.pt\/wp-content\/uploads\/2021\/05\/Seminario_IMAPA.png 1500w, https:\/\/opj.ces.uc.pt\/wp-content\/uploads\/2021\/05\/Seminario_IMAPA-300x157.png 300w, https:\/\/opj.ces.uc.pt\/wp-content\/uploads\/2021\/05\/Seminario_IMAPA-1024x537.png 1024w, https:\/\/opj.ces.uc.pt\/wp-content\/uploads\/2021\/05\/Seminario_IMAPA-768x403.png 768w, https:\/\/opj.ces.uc.pt\/wp-content\/uploads\/2021\/05\/Seminario_IMAPA-16x8.png 16w\" sizes=\"auto, 100vw\" alt=\"\" \/><\/div><\/div>\r\n\t<div class=\"wpb_text_column wpb_content_element  vc_custom_1622967214427\" >\r\n\t\t<div class=\"wpb_wrapper\">\r\n\t\t\t<p class=\"gmail-MsoListParagraph\">01 June 2021, 2:30pm - 5:30pm (GMT +01:00)<\/p>\n<p class=\"gmail-MsoListParagraph\">O Projeto EEA Grants Estudo avaliativo sobre o impacto das medidas aplicadas a pessoas agressoras (IMAPA) promoveu, no dia 1 de junho, entre as 14h30 e as 17h30, o Workshop t\u00e9cnico sobre a resposta imediata \u00e0 viol\u00eancia e as ordens de restri\u00e7\u00e3o de emerg\u00eancia, destinado a magistrados judiciais e do Minist\u00e9rio P\u00fablico, pol\u00edcias, t\u00e9cnicos da Dire\u00e7\u00e3o-Geral de Reinser\u00e7\u00e3o e Servi\u00e7os Prisionais, advogados e outros juristas.<\/p>\n<p class=\"gmail-MsoListParagraph\">This project, from the EEA Grants Program Conciliation and Gender Equality, operated by the CIG, is developed by the Centre for Social Studies of the University of Coimbra, through its Permanent Observatory for Justice, and in partnership with the Norwegian Centre for Violence and Traumatic Stress Studies, the Public Prosecution Office, the High Judicial Council, the Public Security Police and the Directorate-General for Rehabilitation and Prison Services. It aims to diagnose and assess the impact of measures applied to offenders, analyse and debate the Portuguese legislation in comparison with solutions provided by other European countries and deliver recommendations for the promotion of public policies for the prevention of domestic violence and gender violence.<\/p>\n<p class=\"gmail-MsoListParagraph\"><b><span lang=\"EN-GB\">Solveig Bergman<\/span><\/b><span lang=\"EN-GB\"> | Norwegian Centre on Violence and Traumatic Stress Studies (Noruega)<\/span><\/p>\n<p class=\"gmail-MsoListParagraph\"><b><span lang=\"EN-GB\">Susanne Strand<\/span><\/b><span lang=\"EN-GB\"> | School of Law, Psychology and Social Work \u2013 \u00d6rebro University (Su\u00e9cia)<\/span><\/p>\n<p class=\"gmail-MsoListParagraph\"><b>Ar\u00e1nzazu Juan-Aracil Elejabeitia<\/b> | Asociaci\u00f3n de Mujeres Juristas Themis (Espanha)<\/p>\n<p class=\"gmail-MsoListParagraph\"><b>Miguel \u00c2ngelo Carmo<\/b> | Procuradoria-Geral da Rep\u00fablica (Portugal)<\/p>\n<p class=\"gmail-MsoListParagraph\"><b>Hugo Duarte de Sousa Batista e Guinote<\/b> | Pol\u00edcia de Seguran\u00e7a P\u00fablica (Portugal)<\/p>\n<p class=\"gmail-MsoListParagraph\">Moderation: Paula Fernando (CES-OPJ)<\/p>\n<p class=\"gmail-MsoListParagraph\">O Workshop decorreu online, via plataforma zoom, e teve tradu\u00e7\u00e3o simult\u00e2nea ING-PT-ING.<\/p>\n\r\n\t\t<\/div>\r\n\t<\/div>\r\n<div class=\"divider-wrap\" data-alignment=\"default\"><div style=\"height: 30px;\" class=\"divider\"><\/div><\/div><a class=\"nectar-button small see-through accent-color has-icon\" style=\"border-color: #581634; color: #581634;\" target=\"_blank\" href=\"https:\/\/opj.ces.uc.pt\/wp-content\/uploads\/2021\/05\/Workshop-sobre-a-resposta-imediata-a%CC%80-viole%CC%82ncia-e-as-ordens-de-restric%CC%A7a%CC%83o-de-emerge%CC%82ncia.pdf\" data-color-override=\"#581634\" data-hover-color-override=\"false\" data-hover-text-color-override=\"#fff\"><span>PROGRAMME<\/span><i  class=\"fa fa-file-pdf-o\"><\/i><\/a>\n\t\t\t<\/div> \n\t\t<\/div>\n\t<\/div> \n\n\t<div  class=\"vc_col-sm-4 wpb_column column_container vc_column_container col no-extra-padding\"  data-t-w-inherits=\"default\" data-border-radius=\"none\" data-shadow=\"none\" data-border-animation=\"\" data-border-animation-delay=\"\" data-border-width=\"none\" data-border-style=\"solid\" data-border-color=\"\" data-bg-cover=\"\" data-padding-pos=\"all\" data-has-bg-color=\"false\" data-bg-color=\"\" data-bg-opacity=\"1\" data-hover-bg=\"\" data-hover-bg-opacity=\"1\" data-animation=\"\" data-delay=\"0\"><div class=\"column-bg-overlay\"><\/div>\n\t\t<div class=\"vc_column-inner\">\n\t\t\t<div class=\"wpb_wrapper\">\n\t\t\t\t\n\t\t\t<\/div> \n\t\t<\/div>\n\t<\/div> \n<\/div><\/div>","protected":false},"excerpt":{"rendered":"WORKSHOP SOBRE A RESPOSTA IMEDIATA \u00c0 VIOL\u00caNCIA E AS ORDENS DE RESTRI\u00c7\u00c3O DE EMERG\u00caNCIA 01 de junho 2021, 14h30-17h30 O Projeto EEA Grants Estudo avaliativo sobre o impacto das medidas...","protected":false},"author":1,"featured_media":0,"parent":0,"menu_order":0,"comment_status":"closed","ping_status":"closed","template":"","meta":{"footnotes":""},"class_list":["post-2745","page","type-page","status-publish"],"_links":{"self":[{"href":"https:\/\/opj.ces.uc.pt\/en\/wp-json\/wp\/v2\/pages\/2745","targetHints":{"allow":["GET"]}}],"collection":[{"href":"https:\/\/opj.ces.uc.pt\/en\/wp-json\/wp\/v2\/pages"}],"about":[{"href":"https:\/\/opj.ces.uc.pt\/en\/wp-json\/wp\/v2\/types\/page"}],"author":[{"embeddable":true,"href":"https:\/\/opj.ces.uc.pt\/en\/wp-json\/wp\/v2\/users\/1"}],"replies":[{"embeddable":true,"href":"https:\/\/opj.ces.uc.pt\/en\/wp-json\/wp\/v2\/comments?post=2745"}],"version-history":[{"count":3,"href":"https:\/\/opj.ces.uc.pt\/en\/wp-json\/wp\/v2\/pages\/2745\/revisions"}],"predecessor-version":[{"id":2777,"href":"https:\/\/opj.ces.uc.pt\/en\/wp-json\/wp\/v2\/pages\/2745\/revisions\/2777"}],"wp:attachment":[{"href":"https:\/\/opj.ces.uc.pt\/en\/wp-json\/wp\/v2\/media?parent=2745"}],"curies":[{"name":"wp","href":"https:\/\/api.w.org\/{rel}","templated":true}]}}