{"id":3669,"date":"2022-11-27T19:18:19","date_gmt":"2022-11-27T19:18:19","guid":{"rendered":"https:\/\/opj.ces.uc.pt\/?page_id=3669"},"modified":"2022-11-27T19:22:04","modified_gmt":"2022-11-27T19:22:04","slug":"global-meeting-on-law-society","status":"publish","type":"page","link":"https:\/\/opj.ces.uc.pt\/en\/global-meeting-on-law-society\/","title":{"rendered":"Global Meeting on Law &#038; Society"},"content":{"rendered":"<div id=\"fws_69f29449bd134\"  data-midnight=\"dark\" data-top-percent=\"3%\" data-bottom-percent=\"3%\"  data-bg-mobile-hidden=\"\" class=\"wpb_row vc_row-fluid vc_row top-level full-width-section standard_section\"  style=\"padding-top: calc(100vw * 0.03); padding-bottom: calc(100vw * 0.03); \"><div class=\"row-bg-wrap\" data-bg-animation=\"none\"><div class=\"inner-wrap\"><div class=\"row-bg\"  style=\"\"><\/div><\/div><div class=\"row-bg-overlay\" ><\/div><\/div><div class=\"col span_12 dark left\">\n\t<div  class=\"vc_col-sm-12 wpb_column column_container vc_column_container col no-extra-padding\"  data-t-w-inherits=\"default\" data-border-radius=\"none\" data-shadow=\"none\" data-border-animation=\"\" data-border-animation-delay=\"\" data-border-width=\"none\" data-border-style=\"solid\" data-border-color=\"\" data-bg-cover=\"\" data-padding-pos=\"all\" data-has-bg-color=\"false\" data-bg-color=\"\" data-bg-opacity=\"1\" data-hover-bg=\"\" data-hover-bg-opacity=\"1\" data-animation=\"\" data-delay=\"0\"><div class=\"column-bg-overlay\"><\/div>\n\t\t<div class=\"vc_column-inner\">\n\t\t\t<div class=\"wpb_wrapper\">\n\t\t\t\t\r\n\t<div class=\"wpb_text_column wpb_content_element  vc_custom_1669576787077\" >\r\n\t\t<div class=\"wpb_wrapper\">\r\n\t\t\t<h3 style=\"text-align: left;\"><span style=\"color: #ffffff;\">Global Meeting on Law &amp; Society<\/span><\/h3>\n\r\n\t\t<\/div>\r\n\t<\/div>\r\n\n\t\t\t<\/div> \n\t\t<\/div>\n\t<\/div> \n<\/div><\/div>\n\t\t<div id=\"fws_69f29449bd8aa\"  data-midnight=\"dark\"  data-bg-mobile-hidden=\"\" class=\"wpb_row vc_row-fluid vc_row standard_section\"  style=\"padding-top: 0px; padding-bottom: 0px; \"><div class=\"row-bg-wrap\" data-bg-animation=\"none\"><div class=\"inner-wrap\"><div class=\"row-bg\"  style=\"\"><\/div><\/div><div class=\"row-bg-overlay\" ><\/div><\/div><div class=\"col span_12 dark left\">\n\t<div  class=\"vc_col-sm-12 wpb_column column_container vc_column_container col no-extra-padding\"  data-t-w-inherits=\"default\" data-border-radius=\"none\" data-shadow=\"none\" data-border-animation=\"\" data-border-animation-delay=\"\" data-border-width=\"none\" data-border-style=\"solid\" data-border-color=\"\" data-bg-cover=\"\" data-padding-pos=\"all\" data-has-bg-color=\"false\" data-bg-color=\"\" data-bg-opacity=\"1\" data-hover-bg=\"\" data-hover-bg-opacity=\"1\" data-animation=\"\" data-delay=\"0\"><div class=\"column-bg-overlay\"><\/div>\n\t\t<div class=\"vc_column-inner\">\n\t\t\t<div class=\"wpb_wrapper\">\n\t\t\t\t\r\n    \t<div id=\"fws_69f29449bddf7\" data-midnight=\"\" data-column-margin=\"default\" data-bg-mobile-hidden=\"\" class=\"wpb_row vc_row-fluid vc_row inner_row standard_section\"  style=\"padding-top: 0px; padding-bottom: 0px; \"><div class=\"row-bg-wrap\"> <div class=\"row-bg\"  style=\"\"><\/div> <\/div><div class=\"col span_12  left\">\n\t<div  class=\"vc_col-sm-12 wpb_column column_container vc_column_container col no-extra-padding\"   data-t-w-inherits=\"default\" data-shadow=\"none\" data-border-radius=\"none\" data-border-animation=\"\" data-border-animation-delay=\"\" data-border-width=\"none\" data-border-style=\"solid\" data-border-color=\"\" data-bg-cover=\"\" data-padding-pos=\"all\" data-has-bg-color=\"false\" data-bg-color=\"\" data-bg-opacity=\"1\" data-hover-bg=\"\" data-hover-bg-opacity=\"1\" data-animation=\"\" data-delay=\"0\"><div class=\"column-bg-overlay\"><\/div>\n\t\t<div class=\"vc_column-inner\">\n\t\t<div class=\"wpb_wrapper\">\n\t\t\t<a class=\"nectar-button small see-through accent-color\" style=\"\" target=\"_blank\" href=\"https:\/\/www.lawandsociety.org\/lisbon-2022-homepage\/\" data-color-override=\"false\" data-hover-color-override=\"false\" data-hover-text-color-override=\"#fff\"><span>Website<\/span><\/a><div class=\"divider-wrap\" data-alignment=\"default\"><div style=\"height: 10px;\" class=\"divider\"><\/div><\/div>\r\n\t<div class=\"wpb_text_column wpb_content_element  vc_custom_1669576864649\" >\r\n\t\t<div class=\"wpb_wrapper\">\r\n\t\t\t<p>13 a 16 de julho<\/p>\n<p>Lisboa<\/p>\n\r\n\t\t<\/div>\r\n\t<\/div>\r\n<div class=\"divider-wrap\" data-alignment=\"default\"><div style=\"margin-top: 0px; height: 1px; margin-bottom: 0px;\" data-width=\"100%\" data-animate=\"\" data-animation-delay=\"\" data-color=\"default\" class=\"divider-border\"><\/div><\/div>\r\n\t<div class=\"wpb_text_column wpb_content_element  vc_custom_1669576922182\" >\r\n\t\t<div class=\"wpb_wrapper\">\r\n\t\t\t<p><strong>Global Meeting on Law &amp; Society<\/strong><\/p>\n<p>Casaleiro, Paula; Queir\u00f3s, Filipa; Sotero, Luciana; Dias, Jo\u00e3o Paulo (2022), &#8220;Judicial professions &#8220;around the clock&#8221;: the balance between family and work at Portuguese courts &#8220;, comunica\u00e7\u00e3o apresentada em Global Meeting on Law and Society on Rage Reckoning &amp; Remedy, Lisboa, 13 a 16 de Julho.<\/p>\n<p>Fernando, Paula; Gomes, Concei\u00e7\u00e3o; Veiga, Gustavo; Carvalho, Carolina; Henriques, Marina (2022), &#8220;Measures applied to domestic violence offenders: still a long way to go&#8221;, comunica\u00e7\u00e3o apresentada em Global Meeting on Law and Society on Rage Reckoning &amp; Remedy, Lisboa, 13 a 16 de Julho.<\/p>\n<p>Henriques, Marina; Gomes, concei\u00e7\u00e3o (2022), \u201cStrengthening Fundamental Rights Protection: The Important Role of Judicial Training\u201d, comunica\u00e7\u00e3o apresentada em Global Meeting on Law and Society on Rage Reckoning &amp; Remedy, Lisboa, 13 a 16 de Julho.<\/p>\n<p>Nolasco, Carlos; Gomes, Concei\u00e7\u00e3o (2022), &#8220;O sistema prisional portugu\u00eas: entre paradoxos e desafios&#8221;, comunica\u00e7\u00e3o apresentada em Global Meeting on Law and Society on Rage Reckoning &amp; Remedy, Online, 13 a 16 de Julho.<\/p>\n\r\n\t\t<\/div>\r\n\t<\/div>\r\n\n\t\t<\/div> \n\t<\/div>\n\t<\/div> \n<\/div><\/div>\n\t\t\t<\/div> \n\t\t<\/div>\n\t<\/div> \n<\/div><\/div>","protected":false},"excerpt":{"rendered":"Global Meeting on Law &amp; Society Website 13 a 16 de julho Lisboa Global Meeting on Law &amp; Society Casaleiro, Paula; Queir\u00f3s, Filipa; Sotero, Luciana; Dias, Jo\u00e3o Paulo (2022), \"Judicial...","protected":false},"author":1,"featured_media":0,"parent":0,"menu_order":0,"comment_status":"closed","ping_status":"closed","template":"","meta":{"footnotes":""},"class_list":["post-3669","page","type-page","status-publish"],"_links":{"self":[{"href":"https:\/\/opj.ces.uc.pt\/en\/wp-json\/wp\/v2\/pages\/3669","targetHints":{"allow":["GET"]}}],"collection":[{"href":"https:\/\/opj.ces.uc.pt\/en\/wp-json\/wp\/v2\/pages"}],"about":[{"href":"https:\/\/opj.ces.uc.pt\/en\/wp-json\/wp\/v2\/types\/page"}],"author":[{"embeddable":true,"href":"https:\/\/opj.ces.uc.pt\/en\/wp-json\/wp\/v2\/users\/1"}],"replies":[{"embeddable":true,"href":"https:\/\/opj.ces.uc.pt\/en\/wp-json\/wp\/v2\/comments?post=3669"}],"version-history":[{"count":4,"href":"https:\/\/opj.ces.uc.pt\/en\/wp-json\/wp\/v2\/pages\/3669\/revisions"}],"predecessor-version":[{"id":3673,"href":"https:\/\/opj.ces.uc.pt\/en\/wp-json\/wp\/v2\/pages\/3669\/revisions\/3673"}],"wp:attachment":[{"href":"https:\/\/opj.ces.uc.pt\/en\/wp-json\/wp\/v2\/media?parent=3669"}],"curies":[{"name":"wp","href":"https:\/\/api.w.org\/{rel}","templated":true}]}}