{"id":958,"date":"2020-10-10T23:17:35","date_gmt":"2020-10-10T23:17:35","guid":{"rendered":"https:\/\/opj.ces.uc.pt\/?page_id=958"},"modified":"2021-02-16T15:59:27","modified_gmt":"2021-02-16T15:59:27","slug":"livros_6","status":"publish","type":"page","link":"https:\/\/opj.ces.uc.pt\/en\/livros_6\/","title":{"rendered":"LIVROS_6"},"content":{"rendered":"<div id=\"fws_69d0803e7899c\"  data-midnight=\"dark\" data-top-percent=\"3%\" data-bottom-percent=\"3%\"  data-bg-mobile-hidden=\"\" class=\"wpb_row vc_row-fluid vc_row top-level full-width-section standard_section\"  style=\"padding-top: calc(100vw * 0.03); padding-bottom: calc(100vw * 0.03); \"><div class=\"row-bg-wrap\" data-bg-animation=\"none\"><div class=\"inner-wrap\"><div class=\"row-bg\"  style=\"\"><\/div><\/div><div class=\"row-bg-overlay\" ><\/div><\/div><div class=\"col span_12 dark left\">\n\t<div  class=\"vc_col-sm-12 wpb_column column_container vc_column_container col no-extra-padding\"  data-t-w-inherits=\"default\" data-border-radius=\"none\" data-shadow=\"none\" data-border-animation=\"\" data-border-animation-delay=\"\" data-border-width=\"none\" data-border-style=\"solid\" data-border-color=\"\" data-bg-cover=\"\" data-padding-pos=\"all\" data-has-bg-color=\"false\" data-bg-color=\"\" data-bg-opacity=\"1\" data-hover-bg=\"\" data-hover-bg-opacity=\"1\" data-animation=\"\" data-delay=\"0\"><div class=\"column-bg-overlay\"><\/div>\n\t\t<div class=\"vc_column-inner\">\n\t\t\t<div class=\"wpb_wrapper\">\n\t\t\t\t\r\n\t<div class=\"wpb_text_column wpb_content_element  vc_custom_1603880048480\" >\r\n\t\t<div class=\"wpb_wrapper\">\r\n\t\t\t<h3 style=\"text-align: left;\"><span style=\"color: #ffffff;\">BOOKS<\/span><\/h3>\n\r\n\t\t<\/div>\r\n\t<\/div>\r\n<div class=\"divider-wrap\" data-alignment=\"default\"><div style=\"height: 30px;\" class=\"divider\"><\/div><\/div>\r\n    \t<div id=\"fws_69d0803e78e32\" data-midnight=\"\" data-column-margin=\"default\" data-bg-mobile-hidden=\"\" class=\"wpb_row vc_row-fluid vc_row inner_row standard_section\"  style=\"padding-top: 3%; padding-bottom: 0px; \"><div class=\"row-bg-wrap\"> <div class=\"row-bg\"  style=\"\"><\/div> <\/div><div class=\"col span_12  left\">\n\t<div  class=\"vc_col-sm-4 wpb_column column_container vc_column_container col has-animation no-extra-padding\"   data-t-w-inherits=\"default\" data-shadow=\"none\" data-border-radius=\"none\" data-border-animation=\"\" data-border-animation-delay=\"\" data-border-width=\"none\" data-border-style=\"solid\" data-border-color=\"\" data-bg-cover=\"\" data-padding-pos=\"all\" data-has-bg-color=\"false\" data-bg-color=\"\" data-bg-opacity=\"1\" data-hover-bg=\"\" data-hover-bg-opacity=\"1\" data-animation=\"fade-in-from-bottom\" data-delay=\"0\"><div class=\"column-bg-overlay\"><\/div>\n\t\t<div class=\"vc_column-inner\">\n\t\t<div class=\"wpb_wrapper\">\n\t\t\t<div class=\"iwithtext\"><div class=\"iwt-icon\"> <img decoding=\"async\" src=\"https:\/\/opj.ces.uc.pt\/wp-content\/uploads\/2020\/02\/image007.jpg\" alt=\"\" \/> <\/div><div class=\"iwt-text\"> \n<h5><strong>Law and Globalization from Below. Towards a Cosmopolitan Legality<\/strong><\/h5>\n<p>Organizado por Boaventura de Sousa Santos e C\u00e9sar A. Rodr\u00edguez-Garavito<br \/>\n2005 &#8211; Cambridge Studies in Law and Society <\/div><div class=\"clear\"><\/div><\/div>\n\t\t<\/div> \n\t<\/div>\n\t<\/div> \n\n\t<div  class=\"vc_col-sm-4 wpb_column column_container vc_column_container col has-animation no-extra-padding\"   data-t-w-inherits=\"default\" data-shadow=\"none\" data-border-radius=\"none\" data-border-animation=\"\" data-border-animation-delay=\"\" data-border-width=\"none\" data-border-style=\"solid\" data-border-color=\"\" data-bg-cover=\"\" data-padding-pos=\"all\" data-has-bg-color=\"false\" data-bg-color=\"\" data-bg-opacity=\"1\" data-hover-bg=\"\" data-hover-bg-opacity=\"1\" data-animation=\"fade-in-from-bottom\" data-delay=\"300\"><div class=\"column-bg-overlay\"><\/div>\n\t\t<div class=\"vc_column-inner\">\n\t\t<div class=\"wpb_wrapper\">\n\t\t\t<div class=\"iwithtext\"><div class=\"iwt-icon\"> <img decoding=\"async\" src=\"https:\/\/opj.ces.uc.pt\/wp-content\/uploads\/2020\/02\/Qualite.jpg\" alt=\"\" \/> <\/div><div class=\"iwt-text\"> \n<h5><strong>L&#8217;Administration de la Justice en Europe et L&#8217;\u00c9valuation de sa Qualit\u00e9<\/strong><\/h5>\n<p>Marco Fabri, Jean-Paul Jean, Philip M.Langbroek e H\u00e9l\u00e8n Pauliat (org)<br \/>\nMission de Recherche Droit et Justice<br \/>\n2005 &#8211; Paris: \u00c9ditions Montchrestien.<\/p>\n<p>&#8220;Portugal&#8221;, Boaventura de Sousa Santos, Concei\u00e7\u00e3o Gomes\u00a0 e Jo\u00e3o Pedroso <\/div><div class=\"clear\"><\/div><\/div>\n\t\t<\/div> \n\t<\/div>\n\t<\/div> \n\n\t<div  class=\"vc_col-sm-4 wpb_column column_container vc_column_container col no-extra-padding\"   data-t-w-inherits=\"default\" data-shadow=\"none\" data-border-radius=\"none\" data-border-animation=\"\" data-border-animation-delay=\"\" data-border-width=\"none\" data-border-style=\"solid\" data-border-color=\"\" data-bg-cover=\"\" data-padding-pos=\"all\" data-has-bg-color=\"false\" data-bg-color=\"\" data-bg-opacity=\"1\" data-hover-bg=\"\" data-hover-bg-opacity=\"1\" data-animation=\"\" data-delay=\"0\"><div class=\"column-bg-overlay\"><\/div>\n\t\t<div class=\"vc_column-inner\">\n\t\t<div class=\"wpb_wrapper\">\n\t\t\t<div class=\"iwithtext\"><div class=\"iwt-icon\"> <img decoding=\"async\" src=\"https:\/\/opj.ces.uc.pt\/wp-content\/uploads\/2020\/02\/case_assignment.jpg\" alt=\"\" \/> <\/div><div class=\"iwt-text\"> \n<h5><strong>Case Assignment to Courts and Within Courts: a comparative study in seven countries<\/strong><\/h5>\n<p>Marco Fabri, Philip M.Langbroek (org)<br \/>\n2003 &#8211; Maastricht: Shaker Publishing.<\/p>\n<p>&#8220;Assignment of\u00a0cases to the courts and within the courts in Portugal&#8221;, Concei\u00e7\u00e3o Gomes <\/div><div class=\"clear\"><\/div><\/div>\n\t\t<\/div> \n\t<\/div>\n\t<\/div> \n<\/div><\/div><div class=\"divider-wrap\" data-alignment=\"default\"><div style=\"margin-top: 12px; height: 1px; margin-bottom: 12px;\" data-width=\"100%\" data-animate=\"\" data-animation-delay=\"\" data-color=\"default\" class=\"divider-border\"><\/div><\/div>\r\n    \t<div id=\"fws_69d0803e815f0\" data-midnight=\"\" data-column-margin=\"default\" data-bg-mobile-hidden=\"\" class=\"wpb_row vc_row-fluid vc_row inner_row standard_section\"  style=\"padding-top: 3%; padding-bottom: 0px; \"><div class=\"row-bg-wrap\"> <div class=\"row-bg\"  style=\"\"><\/div> <\/div><div class=\"col span_12  left\">\n\t<div  class=\"vc_col-sm-4 wpb_column column_container vc_column_container col has-animation no-extra-padding\"   data-t-w-inherits=\"default\" data-shadow=\"none\" data-border-radius=\"none\" data-border-animation=\"\" data-border-animation-delay=\"\" data-border-width=\"none\" data-border-style=\"solid\" data-border-color=\"\" data-bg-cover=\"\" data-padding-pos=\"all\" data-has-bg-color=\"false\" data-bg-color=\"\" data-bg-opacity=\"1\" data-hover-bg=\"\" data-hover-bg-opacity=\"1\" data-animation=\"fade-in-from-bottom\" data-delay=\"0\"><div class=\"column-bg-overlay\"><\/div>\n\t\t<div class=\"vc_column-inner\">\n\t\t<div class=\"wpb_wrapper\">\n\t\t\t<div class=\"iwithtext\"><div class=\"iwt-icon\"> <img decoding=\"async\" src=\"https:\/\/opj.ces.uc.pt\/wp-content\/uploads\/2020\/02\/image005.jpg\" alt=\"\" \/> <\/div><div class=\"iwt-text\"> \n<h5><strong>Conflito e Transforma\u00e7\u00e3o Social &#8211; &#8220;Uma Paisagem das Justi\u00e7as em Mo\u00e7ambique&#8221;, 1\u00ba Volume<\/strong><\/h5>\n<p>Boaventura de Sousa Santos (Org.) Jo\u00e3o Carlos Trindade (Org.)<br \/>\n2003 &#8211; Porto, Edi\u00e7\u00f5es Afrontamento. <\/div><div class=\"clear\"><\/div><\/div>\n\t\t<\/div> \n\t<\/div>\n\t<\/div> \n\n\t<div  class=\"vc_col-sm-4 wpb_column column_container vc_column_container col has-animation no-extra-padding\"   data-t-w-inherits=\"default\" data-shadow=\"none\" data-border-radius=\"none\" data-border-animation=\"\" data-border-animation-delay=\"\" data-border-width=\"none\" data-border-style=\"solid\" data-border-color=\"\" data-bg-cover=\"\" data-padding-pos=\"all\" data-has-bg-color=\"false\" data-bg-color=\"\" data-bg-opacity=\"1\" data-hover-bg=\"\" data-hover-bg-opacity=\"1\" data-animation=\"fade-in-from-bottom\" data-delay=\"300\"><div class=\"column-bg-overlay\"><\/div>\n\t\t<div class=\"vc_column-inner\">\n\t\t<div class=\"wpb_wrapper\">\n\t\t\t<div class=\"iwithtext\"><div class=\"iwt-icon\"> <img decoding=\"async\" src=\"https:\/\/opj.ces.uc.pt\/wp-content\/uploads\/2020\/02\/image005.jpg\" alt=\"\" \/> <\/div><div class=\"iwt-text\"> \n<h5><strong>Conflito e Transforma\u00e7\u00e3o Social &#8211; &#8220;Uma Paisagem das Justi\u00e7as em Mo\u00e7ambique&#8221;, 2\u00ba Volume<\/strong><\/h5>\n<p>Boaventura de Sousa Santos (Org.) Jo\u00e3o Carlos Trindade (Org.)<br \/>\n2003 &#8211; Porto, Edi\u00e7\u00f5es Afrontamento. <\/div><div class=\"clear\"><\/div><\/div>\n\t\t<\/div> \n\t<\/div>\n\t<\/div> \n\n\t<div  class=\"vc_col-sm-4 wpb_column column_container vc_column_container col no-extra-padding\"   data-t-w-inherits=\"default\" data-shadow=\"none\" data-border-radius=\"none\" data-border-animation=\"\" data-border-animation-delay=\"\" data-border-width=\"none\" data-border-style=\"solid\" data-border-color=\"\" data-bg-cover=\"\" data-padding-pos=\"all\" data-has-bg-color=\"false\" data-bg-color=\"\" data-bg-opacity=\"1\" data-hover-bg=\"\" data-hover-bg-opacity=\"1\" data-animation=\"\" data-delay=\"0\"><div class=\"column-bg-overlay\"><\/div>\n\t\t<div class=\"vc_column-inner\">\n\t\t<div class=\"wpb_wrapper\">\n\t\t\t<div class=\"iwithtext\"><div class=\"iwt-icon\"> <img decoding=\"async\" src=\"https:\/\/opj.ces.uc.pt\/wp-content\/uploads\/2020\/02\/TempoTrib.jpg\" alt=\"\" \/> <\/div><div class=\"iwt-text\"> \n<h5><strong>The Administration of Justice in Europe: Towards the\u00a0 Development of Quality Standards<\/strong><\/h5>\n<p>Marco Fabri, Philip M.Langbroek e H\u00e9l\u00e8n Pauliat (org)<br \/>\n2003 &#8211; Bologna: Lo Scarabeo.<\/p>\n<p>&#8220;Qualit\u00e9 et Justice en Portugal&#8221;, Boaventura de Sousa Santos, Concei\u00e7\u00e3o Gomes\u00a0 e Jo\u00e3o Pedroso <\/div><div class=\"clear\"><\/div><\/div>\n\t\t<\/div> \n\t<\/div>\n\t<\/div> \n<\/div><\/div>\n\t\t\t<\/div> \n\t\t<\/div>\n\t<\/div> \n<\/div><\/div>\n\t\t<div id=\"fws_69d0803e81e85\"  data-midnight=\"dark\"  data-bg-mobile-hidden=\"\" class=\"wpb_row vc_row-fluid vc_row standard_section\"  style=\"padding-top: 0px; padding-bottom: 0px; \"><div class=\"row-bg-wrap\" data-bg-animation=\"none\"><div class=\"inner-wrap\"><div class=\"row-bg\"  style=\"\"><\/div><\/div><div class=\"row-bg-overlay\" ><\/div><\/div><div class=\"col span_12 dark center\">\n\t<div  class=\"vc_col-sm-6 wpb_column column_container vc_column_container col no-extra-padding\"  data-t-w-inherits=\"default\" data-border-radius=\"none\" data-shadow=\"none\" data-border-animation=\"\" data-border-animation-delay=\"\" data-border-width=\"none\" data-border-style=\"solid\" data-border-color=\"\" data-bg-cover=\"\" data-padding-pos=\"all\" data-has-bg-color=\"false\" data-bg-color=\"\" data-bg-opacity=\"1\" data-hover-bg=\"\" data-hover-bg-opacity=\"1\" data-animation=\"\" data-delay=\"0\"><div class=\"column-bg-overlay\"><\/div>\n\t\t<div class=\"vc_column-inner\">\n\t\t\t<div class=\"wpb_wrapper\">\n\t\t\t\t<a class=\"nectar-button small see-through accent-color\" style=\"border-color: #581634; color: #581634;\"  href=\"https:\/\/opj.ces.uc.pt\/en\/livros_5\/\" data-color-override=\"#581634\" data-hover-color-override=\"false\" data-hover-text-color-override=\"#fff\"><span>Voltar<\/span><\/a>\n\t\t\t<\/div> \n\t\t<\/div>\n\t<\/div> \n\n\t<div  class=\"vc_col-sm-6 wpb_column column_container vc_column_container col no-extra-padding\"  data-t-w-inherits=\"default\" data-border-radius=\"none\" data-shadow=\"none\" data-border-animation=\"\" data-border-animation-delay=\"\" data-border-width=\"none\" data-border-style=\"solid\" data-border-color=\"\" data-bg-cover=\"\" data-padding-pos=\"all\" data-has-bg-color=\"false\" data-bg-color=\"\" data-bg-opacity=\"1\" data-hover-bg=\"\" data-hover-bg-opacity=\"1\" data-animation=\"\" data-delay=\"0\"><div class=\"column-bg-overlay\"><\/div>\n\t\t<div class=\"vc_column-inner\">\n\t\t\t<div class=\"wpb_wrapper\">\n\t\t\t\t<a class=\"nectar-button small see-through accent-color\" style=\"border-color: #581634; color: #581634;\"  href=\"https:\/\/opj.ces.uc.pt\/en\/livros_7\/\" data-color-override=\"#581634\" data-hover-color-override=\"false\" data-hover-text-color-override=\"#fff\"><span>Ver mais<\/span><\/a>\n\t\t\t<\/div> \n\t\t<\/div>\n\t<\/div> \n<\/div><\/div>","protected":false},"excerpt":{"rendered":"LIVROS Law and Globalization from Below. Towards a Cosmopolitan Legality Organizado por Boaventura de Sousa Santos e C\u00e9sar A. Rodr\u00edguez-Garavito 2005 - Cambridge Studies in Law and Society L'Administration de...","protected":false},"author":1,"featured_media":0,"parent":0,"menu_order":0,"comment_status":"closed","ping_status":"closed","template":"","meta":{"footnotes":""},"class_list":["post-958","page","type-page","status-publish"],"_links":{"self":[{"href":"https:\/\/opj.ces.uc.pt\/en\/wp-json\/wp\/v2\/pages\/958","targetHints":{"allow":["GET"]}}],"collection":[{"href":"https:\/\/opj.ces.uc.pt\/en\/wp-json\/wp\/v2\/pages"}],"about":[{"href":"https:\/\/opj.ces.uc.pt\/en\/wp-json\/wp\/v2\/types\/page"}],"author":[{"embeddable":true,"href":"https:\/\/opj.ces.uc.pt\/en\/wp-json\/wp\/v2\/users\/1"}],"replies":[{"embeddable":true,"href":"https:\/\/opj.ces.uc.pt\/en\/wp-json\/wp\/v2\/comments?post=958"}],"version-history":[{"count":17,"href":"https:\/\/opj.ces.uc.pt\/en\/wp-json\/wp\/v2\/pages\/958\/revisions"}],"predecessor-version":[{"id":2522,"href":"https:\/\/opj.ces.uc.pt\/en\/wp-json\/wp\/v2\/pages\/958\/revisions\/2522"}],"wp:attachment":[{"href":"https:\/\/opj.ces.uc.pt\/en\/wp-json\/wp\/v2\/media?parent=958"}],"curies":[{"name":"wp","href":"https:\/\/api.w.org\/{rel}","templated":true}]}}